{"id":1592,"date":"2019-09-30T20:36:59","date_gmt":"2019-09-30T18:36:59","guid":{"rendered":"https:\/\/jued-friedhof18.at\/proponentinnen-proponenten\/"},"modified":"2022-04-27T09:58:42","modified_gmt":"2022-04-27T07:58:42","slug":"proponents","status":"publish","type":"page","link":"https:\/\/jued-friedhof18.at\/en\/proponents\/","title":{"rendered":"Proponents"},"content":{"rendered":"\t\t<div data-elementor-type=\"wp-page\" data-elementor-id=\"1592\" class=\"elementor elementor-1592 elementor-967\">\n\t\t\t\t\t\t<section class=\"elementor-section elementor-top-section elementor-element elementor-element-3e3ab28 elementor-section-boxed elementor-section-height-default elementor-section-height-default\" data-id=\"3e3ab28\" data-element_type=\"section\" data-e-type=\"section\">\n\t\t\t\t\t\t<div class=\"elementor-container elementor-column-gap-default\">\n\t\t\t\t\t<div class=\"elementor-column elementor-col-100 elementor-top-column elementor-element elementor-element-b951e5d\" data-id=\"b951e5d\" data-element_type=\"column\" data-e-type=\"column\">\n\t\t\t<div class=\"elementor-widget-wrap elementor-element-populated\">\n\t\t\t\t\t\t<div class=\"elementor-element elementor-element-39e76fd elementor-widget elementor-widget-spacer\" data-id=\"39e76fd\" data-element_type=\"widget\" data-e-type=\"widget\" data-widget_type=\"spacer.default\">\n\t\t\t\t<div class=\"elementor-widget-container\">\n\t\t\t\t\t\t\t<div class=\"elementor-spacer\">\n\t\t\t<div class=\"elementor-spacer-inner\"><\/div>\n\t\t<\/div>\n\t\t\t\t\t\t<\/div>\n\t\t\t\t<\/div>\n\t\t\t\t\t<\/div>\n\t\t<\/div>\n\t\t\t\t\t<\/div>\n\t\t<\/section>\n\t\t\t\t<section class=\"elementor-section elementor-top-section elementor-element elementor-element-76971b5 elementor-section-boxed elementor-section-height-default elementor-section-height-default\" data-id=\"76971b5\" data-element_type=\"section\" data-e-type=\"section\">\n\t\t\t\t\t\t<div class=\"elementor-container elementor-column-gap-default\">\n\t\t\t\t\t<div class=\"elementor-column elementor-col-100 elementor-top-column elementor-element elementor-element-ac4bd15\" data-id=\"ac4bd15\" data-element_type=\"column\" data-e-type=\"column\">\n\t\t\t<div class=\"elementor-widget-wrap elementor-element-populated\">\n\t\t\t\t\t\t<div class=\"elementor-element elementor-element-adb76c4 elementor-widget elementor-widget-heading\" data-id=\"adb76c4\" data-element_type=\"widget\" data-e-type=\"widget\" data-widget_type=\"heading.default\">\n\t\t\t\t<div class=\"elementor-widget-container\">\n\t\t\t\t\t<h2 class=\"elementor-heading-title elementor-size-default\">Proponents<\/h2>\t\t\t\t<\/div>\n\t\t\t\t<\/div>\n\t\t\t\t\t<\/div>\n\t\t<\/div>\n\t\t\t\t\t<\/div>\n\t\t<\/section>\n\t\t\t\t<section class=\"elementor-section elementor-top-section elementor-element elementor-element-224ea4e elementor-section-boxed elementor-section-height-default elementor-section-height-default\" data-id=\"224ea4e\" data-element_type=\"section\" data-e-type=\"section\">\n\t\t\t\t\t\t<div class=\"elementor-container elementor-column-gap-default\">\n\t\t\t\t\t<div class=\"elementor-column elementor-col-100 elementor-top-column elementor-element elementor-element-f23ed46\" data-id=\"f23ed46\" data-element_type=\"column\" data-e-type=\"column\">\n\t\t\t<div class=\"elementor-widget-wrap elementor-element-populated\">\n\t\t\t\t\t\t<div class=\"elementor-element elementor-element-a3f89cf elementor-widget elementor-widget-text-editor\" data-id=\"a3f89cf\" data-element_type=\"widget\" data-e-type=\"widget\" data-widget_type=\"text-editor.default\">\n\t\t\t\t<div class=\"elementor-widget-container\">\n\t\t\t\t\t\t\t\t\tAn essential part of the association&#8217;s work is the search for proponents who support the association with their expertise, their network or financially. They come from business, culture, art, religion and politics.\t\t\t\t\t\t\t\t<\/div>\n\t\t\t\t<\/div>\n\t\t\t\t<div class=\"elementor-element elementor-element-2bc5cf2 elementor-widget elementor-widget-text-editor\" data-id=\"2bc5cf2\" data-element_type=\"widget\" data-e-type=\"widget\" data-widget_type=\"text-editor.default\">\n\t\t\t\t<div class=\"elementor-widget-container\">\n\t\t\t\t\t\t\t\t\t<span style=\"text-decoration: underline;\"><strong>Proponents: <\/strong><\/span> Johannes Abensberger, Renate Anderl, Dr. Hannes Androsch, Univ.Prof. Dr. Wolfgang Aulitzky, Dr. Harry Bergmann, Mag. Sandra Berkson, Dr. Brigitte Bierlein, Mag. Eva Blimlinger, Wolfgang B\u00f6ck, Mag. Martin B\u00f6hm, Univ.Prof. Dr. Wolfgang Brandstetter, -Timna Brauer, Dkfm. Michael Brooks, Dr. Emil Brix, Prof. Dr. Michael B\u00fcnker, Shlomit Butbul, Dr. Herbert Cordt, Oskar Deutsch, Dr. Christoph Dichand, Mag. Georg Doppelhofer, Mercedes Echerer, Klaus Edelhauser, Mag. Karoline Edtstadler, Erhard Ernst, Werner Faymann, Dr. Annemarie Fenzl, Dr. G\u00fcnter Geyer, Roman Grinberg, Dr. Heimo Hackl, KommRat Peter Hanke, Dr. Michael H\u00e4upl, Miguel Herz-Kestranek, Klaus Herrmann, Ing. Wolfgang Hesoun, Oliver Hirschbiegel, Prof. Dr. Josef H\u00f6chtl, Dr. Wolfgang Hofer, Univ.Prof. Dr. Clemens Jabloner, Wolfgang Jansky, Mag. Maria Jelenko-Benedikt, Dr. Friedrich Jergtisch, UnivProf. Dr. Ulrich Jordis, Patricia Kahane, Josef Kalina, Veronika Kaup-Hasler, Wolfgang Katzian, Norbert Kettner, Ing. Ewald Kirschner, Prof. Dr. Raoul Kneucker, Mag. Thomas Kralinger, Sebastian Kurz, Mag. Werner Kogler, Dr. Herbert Lackner, DDr. Michael Landau, Peter Landesmann, Martin Lechner, Dr. Michael Ludwig, Martina Ludwig-Faymann, Mag. Dr. Harald Mahrer, Beate Meinl-Reisinger, Dr. Ralph M\u00fcller, Mag. Harald Neumann, Beatrix Neundlinger, Rainer Nowak, Univ.Prof. Dr. Edwald Nowotny, Dr. Christian Nusser, Cornelius Obonya, Dr. Josef Ostermayer, Mag. Hermann Petz, Caroline Pienkos, DDr. Horst Pirker, DI Josef Pr\u00f6ll, Dr. Johanna Rachinger, Christian Rainer, Dr. Claus Raidl, UnivProf. Mag. DDr. Oliver Rathkolb, Dr. Pamela Rendi-Wagner, Mag. Marie Ringler, Dr. Walter Rothensteiner, DI Walter Ruck, Mag. Andreas Schieder, Mag. Martin Schlaff, Mag. Dr. Heide Schmidt, Richard Schmitt, Rabbi Arthur Schneier, HR Dr. Karl Sch\u00fctz, Peter Sch\u00f6ber, E. Randol Schoenberg, Dr. Kurt Scholz, Dr. Timothy Smolka, Mag. Wolfgang Sobotka, Dr. Georg Springer, Prof. Elisabeth Stadler, MMag. Oliver Stauber, Dr. Barbara Staudinger, Dr. Dwora Stein, Mag. Dr. Eveline Steinberger-Kern, Kardinal Dr. Christoph Sch\u00f6nborn, Alois Steinbichler, Erwin Steinhauer, Katharina Stemberger, DI Friedrich Stickler, Mag. Terezija Stojsits, Ing. Karl-Hein Strauss, Sissy und Max Strauss, Ing. Karl-Heinz Strauss, Karin Strobl, Dr. Hannes Sulzenbacher, Dr. Josef Taus, Dr. Paul Tesarek, Dr. Andreas Treichl, Armin Thurnher, Univ.Prof. Dr. Alexander Van der Bellen, Dr. Franz Vranitzky, Dr. Anton Wais, Mag. Stefan Wallner, Christiane Wenkheim, Dr. Alexander Wrabetz, DI Wolfgang Zehetner.\t\t\t\t\t\t\t\t<\/div>\n\t\t\t\t<\/div>\n\t\t\t\t<div class=\"elementor-element elementor-element-2accfb5 elementor-widget elementor-widget-spacer\" data-id=\"2accfb5\" data-element_type=\"widget\" data-e-type=\"widget\" data-widget_type=\"spacer.default\">\n\t\t\t\t<div class=\"elementor-widget-container\">\n\t\t\t\t\t\t\t<div class=\"elementor-spacer\">\n\t\t\t<div class=\"elementor-spacer-inner\"><\/div>\n\t\t<\/div>\n\t\t\t\t\t\t<\/div>\n\t\t\t\t<\/div>\n\t\t\t\t\t<\/div>\n\t\t<\/div>\n\t\t\t\t\t<\/div>\n\t\t<\/section>\n\t\t\t\t<\/div>\n\t\t","protected":false},"excerpt":{"rendered":"<p>Proponents An essential part of the association&#8217;s work is the search for proponents who support the association with their expertise, their network or financially. They come from business, culture, art, religion and politics.Proponents: Johannes Abensberger, Renate Anderl, Dr. Hannes Androsch, Univ.Prof. Dr. Wolfgang Aulitzky, Dr. Harry Bergmann, Mag. Sandra Berkson, Dr. Brigitte Bierlein, Mag. Eva [&hellip;]<\/p>\n","protected":false},"author":6,"featured_media":0,"parent":0,"menu_order":0,"comment_status":"closed","ping_status":"closed","template":"elementor_header_footer","meta":{"_acf_changed":false,"_exactmetrics_skip_tracking":false,"_exactmetrics_sitenote_active":false,"_exactmetrics_sitenote_note":"","_exactmetrics_sitenote_category":0,"footnotes":""},"class_list":["post-1592","page","type-page","status-publish","hentry"],"acf":[],"yoast_head":"<!-- This site is optimized with the Yoast SEO plugin v27.2 - https:\/\/yoast.com\/product\/yoast-seo-wordpress\/ -->\n<title>Proponents - J\u00fcdischer Friedhof W\u00e4hring<\/title>\n<meta name=\"robots\" content=\"index, follow, max-snippet:-1, max-image-preview:large, max-video-preview:-1\" \/>\n<link rel=\"canonical\" href=\"https:\/\/jued-friedhof18.at\/en\/proponents\/\" \/>\n<meta property=\"og:locale\" content=\"en_US\" \/>\n<meta property=\"og:type\" content=\"article\" \/>\n<meta property=\"og:title\" content=\"Proponents - J\u00fcdischer Friedhof W\u00e4hring\" \/>\n<meta property=\"og:description\" content=\"Proponents An essential part of the association&#8217;s work is the search for proponents who support the association with their expertise, their network or financially. They come from business, culture, art, religion and politics.Proponents: Johannes Abensberger, Renate Anderl, Dr. Hannes Androsch, Univ.Prof. Dr. Wolfgang Aulitzky, Dr. Harry Bergmann, Mag. Sandra Berkson, Dr. Brigitte Bierlein, Mag. Eva [&hellip;]\" \/>\n<meta property=\"og:url\" content=\"https:\/\/jued-friedhof18.at\/en\/proponents\/\" \/>\n<meta property=\"og:site_name\" content=\"J\u00fcdischer Friedhof W\u00e4hring\" \/>\n<meta property=\"article:publisher\" content=\"https:\/\/www.facebook.com\/friedhof18.wien\/\" \/>\n<meta property=\"article:modified_time\" content=\"2022-04-27T07:58:42+00:00\" \/>\n<meta property=\"og:image\" content=\"https:\/\/jued-friedhof18.at\/wp-content\/uploads\/2019\/10\/jf-galerie12.jpg\" \/>\n\t<meta property=\"og:image:width\" content=\"2745\" \/>\n\t<meta property=\"og:image:height\" content=\"1830\" \/>\n\t<meta property=\"og:image:type\" content=\"image\/jpeg\" \/>\n<meta name=\"twitter:card\" content=\"summary_large_image\" \/>\n<meta name=\"twitter:label1\" content=\"Est. reading time\" \/>\n\t<meta name=\"twitter:data1\" content=\"2 minutes\" \/>\n<script type=\"application\/ld+json\" class=\"yoast-schema-graph\">{\"@context\":\"https:\/\/schema.org\",\"@graph\":[{\"@type\":\"WebPage\",\"@id\":\"https:\/\/jued-friedhof18.at\/en\/proponents\/\",\"url\":\"https:\/\/jued-friedhof18.at\/en\/proponents\/\",\"name\":\"Proponents - J\u00fcdischer Friedhof W\u00e4hring\",\"isPartOf\":{\"@id\":\"https:\/\/jued-friedhof18.at\/en\/#website\"},\"datePublished\":\"2019-09-30T18:36:59+00:00\",\"dateModified\":\"2022-04-27T07:58:42+00:00\",\"breadcrumb\":{\"@id\":\"https:\/\/jued-friedhof18.at\/en\/proponents\/#breadcrumb\"},\"inLanguage\":\"en-US\",\"potentialAction\":[{\"@type\":\"ReadAction\",\"target\":[\"https:\/\/jued-friedhof18.at\/en\/proponents\/\"]}]},{\"@type\":\"BreadcrumbList\",\"@id\":\"https:\/\/jued-friedhof18.at\/en\/proponents\/#breadcrumb\",\"itemListElement\":[{\"@type\":\"ListItem\",\"position\":1,\"name\":\"Startseite\",\"item\":\"https:\/\/jued-friedhof18.at\/en\/homepage\/\"},{\"@type\":\"ListItem\",\"position\":2,\"name\":\"Proponents\"}]},{\"@type\":\"WebSite\",\"@id\":\"https:\/\/jued-friedhof18.at\/en\/#website\",\"url\":\"https:\/\/jued-friedhof18.at\/en\/\",\"name\":\"J\u00fcdischer Friedhof W\u00e4hring\",\"description\":\"Verein Rettet den J\u00fcdischen Friedhof W\u00e4hring\",\"publisher\":{\"@id\":\"https:\/\/jued-friedhof18.at\/en\/#organization\"},\"potentialAction\":[{\"@type\":\"SearchAction\",\"target\":{\"@type\":\"EntryPoint\",\"urlTemplate\":\"https:\/\/jued-friedhof18.at\/en\/?s={search_term_string}\"},\"query-input\":{\"@type\":\"PropertyValueSpecification\",\"valueRequired\":true,\"valueName\":\"search_term_string\"}}],\"inLanguage\":\"en-US\"},{\"@type\":\"Organization\",\"@id\":\"https:\/\/jued-friedhof18.at\/en\/#organization\",\"name\":\"J\u00fcdischer Friedhof W\u00e4hring\",\"url\":\"https:\/\/jued-friedhof18.at\/en\/\",\"logo\":{\"@type\":\"ImageObject\",\"inLanguage\":\"en-US\",\"@id\":\"https:\/\/jued-friedhof18.at\/en\/#\/schema\/logo\/image\/\",\"url\":\"https:\/\/jued-friedhof18.at\/wp-content\/uploads\/2019\/10\/jf-galerie18.jpg\",\"contentUrl\":\"https:\/\/jued-friedhof18.at\/wp-content\/uploads\/2019\/10\/jf-galerie18.jpg\",\"width\":2808,\"height\":1872,\"caption\":\"J\u00fcdischer Friedhof W\u00e4hring\"},\"image\":{\"@id\":\"https:\/\/jued-friedhof18.at\/en\/#\/schema\/logo\/image\/\"},\"sameAs\":[\"https:\/\/www.facebook.com\/friedhof18.wien\/\"]}]}<\/script>\n<!-- \/ Yoast SEO plugin. -->","yoast_head_json":{"title":"Proponents - J\u00fcdischer Friedhof W\u00e4hring","robots":{"index":"index","follow":"follow","max-snippet":"max-snippet:-1","max-image-preview":"max-image-preview:large","max-video-preview":"max-video-preview:-1"},"canonical":"https:\/\/jued-friedhof18.at\/en\/proponents\/","og_locale":"en_US","og_type":"article","og_title":"Proponents - J\u00fcdischer Friedhof W\u00e4hring","og_description":"Proponents An essential part of the association&#8217;s work is the search for proponents who support the association with their expertise, their network or financially. They come from business, culture, art, religion and politics.Proponents: Johannes Abensberger, Renate Anderl, Dr. Hannes Androsch, Univ.Prof. Dr. Wolfgang Aulitzky, Dr. Harry Bergmann, Mag. Sandra Berkson, Dr. Brigitte Bierlein, Mag. Eva [&hellip;]","og_url":"https:\/\/jued-friedhof18.at\/en\/proponents\/","og_site_name":"J\u00fcdischer Friedhof W\u00e4hring","article_publisher":"https:\/\/www.facebook.com\/friedhof18.wien\/","article_modified_time":"2022-04-27T07:58:42+00:00","og_image":[{"width":2745,"height":1830,"url":"https:\/\/jued-friedhof18.at\/wp-content\/uploads\/2019\/10\/jf-galerie12.jpg","type":"image\/jpeg"}],"twitter_card":"summary_large_image","twitter_misc":{"Est. reading time":"2 minutes"},"schema":{"@context":"https:\/\/schema.org","@graph":[{"@type":"WebPage","@id":"https:\/\/jued-friedhof18.at\/en\/proponents\/","url":"https:\/\/jued-friedhof18.at\/en\/proponents\/","name":"Proponents - J\u00fcdischer Friedhof W\u00e4hring","isPartOf":{"@id":"https:\/\/jued-friedhof18.at\/en\/#website"},"datePublished":"2019-09-30T18:36:59+00:00","dateModified":"2022-04-27T07:58:42+00:00","breadcrumb":{"@id":"https:\/\/jued-friedhof18.at\/en\/proponents\/#breadcrumb"},"inLanguage":"en-US","potentialAction":[{"@type":"ReadAction","target":["https:\/\/jued-friedhof18.at\/en\/proponents\/"]}]},{"@type":"BreadcrumbList","@id":"https:\/\/jued-friedhof18.at\/en\/proponents\/#breadcrumb","itemListElement":[{"@type":"ListItem","position":1,"name":"Startseite","item":"https:\/\/jued-friedhof18.at\/en\/homepage\/"},{"@type":"ListItem","position":2,"name":"Proponents"}]},{"@type":"WebSite","@id":"https:\/\/jued-friedhof18.at\/en\/#website","url":"https:\/\/jued-friedhof18.at\/en\/","name":"J\u00fcdischer Friedhof W\u00e4hring","description":"Verein Rettet den J\u00fcdischen Friedhof W\u00e4hring","publisher":{"@id":"https:\/\/jued-friedhof18.at\/en\/#organization"},"potentialAction":[{"@type":"SearchAction","target":{"@type":"EntryPoint","urlTemplate":"https:\/\/jued-friedhof18.at\/en\/?s={search_term_string}"},"query-input":{"@type":"PropertyValueSpecification","valueRequired":true,"valueName":"search_term_string"}}],"inLanguage":"en-US"},{"@type":"Organization","@id":"https:\/\/jued-friedhof18.at\/en\/#organization","name":"J\u00fcdischer Friedhof W\u00e4hring","url":"https:\/\/jued-friedhof18.at\/en\/","logo":{"@type":"ImageObject","inLanguage":"en-US","@id":"https:\/\/jued-friedhof18.at\/en\/#\/schema\/logo\/image\/","url":"https:\/\/jued-friedhof18.at\/wp-content\/uploads\/2019\/10\/jf-galerie18.jpg","contentUrl":"https:\/\/jued-friedhof18.at\/wp-content\/uploads\/2019\/10\/jf-galerie18.jpg","width":2808,"height":1872,"caption":"J\u00fcdischer Friedhof W\u00e4hring"},"image":{"@id":"https:\/\/jued-friedhof18.at\/en\/#\/schema\/logo\/image\/"},"sameAs":["https:\/\/www.facebook.com\/friedhof18.wien\/"]}]}},"_links":{"self":[{"href":"https:\/\/jued-friedhof18.at\/en\/wp-json\/wp\/v2\/pages\/1592","targetHints":{"allow":["GET"]}}],"collection":[{"href":"https:\/\/jued-friedhof18.at\/en\/wp-json\/wp\/v2\/pages"}],"about":[{"href":"https:\/\/jued-friedhof18.at\/en\/wp-json\/wp\/v2\/types\/page"}],"author":[{"embeddable":true,"href":"https:\/\/jued-friedhof18.at\/en\/wp-json\/wp\/v2\/users\/6"}],"replies":[{"embeddable":true,"href":"https:\/\/jued-friedhof18.at\/en\/wp-json\/wp\/v2\/comments?post=1592"}],"version-history":[{"count":10,"href":"https:\/\/jued-friedhof18.at\/en\/wp-json\/wp\/v2\/pages\/1592\/revisions"}],"predecessor-version":[{"id":2760,"href":"https:\/\/jued-friedhof18.at\/en\/wp-json\/wp\/v2\/pages\/1592\/revisions\/2760"}],"wp:attachment":[{"href":"https:\/\/jued-friedhof18.at\/en\/wp-json\/wp\/v2\/media?parent=1592"}],"curies":[{"name":"wp","href":"https:\/\/api.w.org\/{rel}","templated":true}]}}