{"id":1598,"date":"2020-05-04T18:50:50","date_gmt":"2020-05-04T16:50:50","guid":{"rendered":"https:\/\/jued-friedhof18.at\/?page_id=1598"},"modified":"2025-12-14T09:13:39","modified_gmt":"2025-12-14T08:13:39","slug":"volunteer-days","status":"publish","type":"page","link":"https:\/\/jued-friedhof18.at\/en\/volunteer-days\/","title":{"rendered":"Volunteer"},"content":{"rendered":"\t\t<div data-elementor-type=\"wp-page\" data-elementor-id=\"1598\" class=\"elementor elementor-1598 elementor-1146\">\n\t\t\t\t\t\t<section class=\"elementor-section elementor-top-section elementor-element elementor-element-7a44dd76 elementor-section-boxed elementor-section-height-default elementor-section-height-default\" data-id=\"7a44dd76\" data-element_type=\"section\" data-e-type=\"section\">\n\t\t\t\t\t\t<div class=\"elementor-container elementor-column-gap-default\">\n\t\t\t\t\t<div class=\"elementor-column elementor-col-100 elementor-top-column elementor-element elementor-element-541e05fa\" data-id=\"541e05fa\" data-element_type=\"column\" data-e-type=\"column\" data-settings=\"{&quot;background_background&quot;:&quot;classic&quot;}\">\n\t\t\t<div class=\"elementor-widget-wrap elementor-element-populated\">\n\t\t\t\t\t\t<div class=\"elementor-element elementor-element-872416d elementor-widget elementor-widget-heading\" data-id=\"872416d\" data-element_type=\"widget\" data-e-type=\"widget\" data-widget_type=\"heading.default\">\n\t\t\t\t<div class=\"elementor-widget-container\">\n\t\t\t\t\t<h2 class=\"elementor-heading-title elementor-size-default\">Participation in voluntary work<\/h2>\t\t\t\t<\/div>\n\t\t\t\t<\/div>\n\t\t\t\t<div class=\"elementor-element elementor-element-19f45d63 elementor-widget elementor-widget-text-editor\" data-id=\"19f45d63\" data-element_type=\"widget\" data-e-type=\"widget\" data-widget_type=\"text-editor.default\">\n\t\t\t\t<div class=\"elementor-widget-container\">\n\t\t\t\t\t\t\t\t\t<p><span style=\"font-size: 1rem;\">During your work, you will have the opportunity to experience this unique cultural and historical site from a completely different perspective: you will be gardening and removing plants and foliage from around the gravestones. <br \/>Gloves, scissors, rakes, and wheelbarrows are available for use. <\/span>However, if you have gardening gloves, please take them with you.<\/p><p>Volunteering takes place on our regular opening days from March to October from 10 am to 4 pm. <br \/>Registration is not required.<\/p><p>You can find the dates of our opening days <a href=\"https:\/\/jued-friedhof18.at\/en\/tours-2\/\">here.<\/a><\/p><p><span style=\"text-decoration: underline;\"><strong>Please note:<\/strong><\/span><br \/>&#8211; Entering the area is at your own risk and we ask you to confirm this to us on site (disclaimer).<br \/>&#8211; Men are requested to wear headgear.<br \/>&#8211; Please wear sturdy shoes and clothing suitable for the work.<br \/>&#8211; In case of strong wind or thunderstorms we have to stop the work for safety reasons.<\/p>\t\t\t\t\t\t\t\t<\/div>\n\t\t\t\t<\/div>\n\t\t\t\t<div class=\"elementor-element elementor-element-4ab2424 elementor-widget elementor-widget-spacer\" data-id=\"4ab2424\" data-element_type=\"widget\" data-e-type=\"widget\" data-widget_type=\"spacer.default\">\n\t\t\t\t<div class=\"elementor-widget-container\">\n\t\t\t\t\t\t\t<div class=\"elementor-spacer\">\n\t\t\t<div class=\"elementor-spacer-inner\"><\/div>\n\t\t<\/div>\n\t\t\t\t\t\t<\/div>\n\t\t\t\t<\/div>\n\t\t\t\t\t<\/div>\n\t\t<\/div>\n\t\t\t\t\t<\/div>\n\t\t<\/section>\n\t\t\t\t<section class=\"elementor-section elementor-top-section elementor-element elementor-element-37bd438 elementor-section-boxed elementor-section-height-default elementor-section-height-default\" data-id=\"37bd438\" data-element_type=\"section\" data-e-type=\"section\">\n\t\t\t\t\t\t<div class=\"elementor-container elementor-column-gap-default\">\n\t\t\t\t\t<div class=\"elementor-column elementor-col-50 elementor-top-column elementor-element elementor-element-e721f2c\" data-id=\"e721f2c\" data-element_type=\"column\" data-e-type=\"column\">\n\t\t\t<div class=\"elementor-widget-wrap elementor-element-populated\">\n\t\t\t\t\t\t<div class=\"elementor-element elementor-element-430eef1 elementor-widget elementor-widget-image\" data-id=\"430eef1\" data-element_type=\"widget\" data-e-type=\"widget\" data-widget_type=\"image.default\">\n\t\t\t\t<div class=\"elementor-widget-container\">\n\t\t\t\t\t\t\t\t\t\t\t\t\t\t\t<img fetchpriority=\"high\" decoding=\"async\" width=\"1024\" height=\"683\" src=\"https:\/\/jued-friedhof18.at\/wp-content\/uploads\/2022\/04\/Freiwilligenarbeit-3-medium-1024x683.webp\" class=\"attachment-large size-large wp-image-2448\" alt=\"\" srcset=\"https:\/\/jued-friedhof18.at\/wp-content\/uploads\/2022\/04\/Freiwilligenarbeit-3-medium-1024x683.webp 1024w, https:\/\/jued-friedhof18.at\/wp-content\/uploads\/2022\/04\/Freiwilligenarbeit-3-medium-300x200.webp 300w, https:\/\/jued-friedhof18.at\/wp-content\/uploads\/2022\/04\/Freiwilligenarbeit-3-medium-768x512.webp 768w, https:\/\/jued-friedhof18.at\/wp-content\/uploads\/2022\/04\/Freiwilligenarbeit-3-medium-1536x1024.webp 1536w, https:\/\/jued-friedhof18.at\/wp-content\/uploads\/2022\/04\/Freiwilligenarbeit-3-medium-2048x1365.webp 2048w\" sizes=\"(max-width: 1024px) 100vw, 1024px\" \/>\t\t\t\t\t\t\t\t\t\t\t\t\t\t\t<\/div>\n\t\t\t\t<\/div>\n\t\t\t\t\t<\/div>\n\t\t<\/div>\n\t\t\t\t<div class=\"elementor-column elementor-col-50 elementor-top-column elementor-element elementor-element-7d859c0\" data-id=\"7d859c0\" data-element_type=\"column\" data-e-type=\"column\">\n\t\t\t<div class=\"elementor-widget-wrap elementor-element-populated\">\n\t\t\t\t\t\t<div class=\"elementor-element elementor-element-7a632cb elementor-widget elementor-widget-image\" data-id=\"7a632cb\" data-element_type=\"widget\" data-e-type=\"widget\" data-widget_type=\"image.default\">\n\t\t\t\t<div class=\"elementor-widget-container\">\n\t\t\t\t\t\t\t\t\t\t\t\t\t\t\t<img decoding=\"async\" width=\"1024\" height=\"683\" src=\"https:\/\/jued-friedhof18.at\/wp-content\/uploads\/2022\/04\/Freiwilligenarbeit-1-medium-1024x683.webp\" class=\"attachment-large size-large wp-image-2446\" alt=\"\" srcset=\"https:\/\/jued-friedhof18.at\/wp-content\/uploads\/2022\/04\/Freiwilligenarbeit-1-medium-1024x683.webp 1024w, https:\/\/jued-friedhof18.at\/wp-content\/uploads\/2022\/04\/Freiwilligenarbeit-1-medium-300x200.webp 300w, https:\/\/jued-friedhof18.at\/wp-content\/uploads\/2022\/04\/Freiwilligenarbeit-1-medium-768x512.webp 768w, https:\/\/jued-friedhof18.at\/wp-content\/uploads\/2022\/04\/Freiwilligenarbeit-1-medium-1536x1024.webp 1536w, https:\/\/jued-friedhof18.at\/wp-content\/uploads\/2022\/04\/Freiwilligenarbeit-1-medium-2048x1365.webp 2048w\" sizes=\"(max-width: 1024px) 100vw, 1024px\" \/>\t\t\t\t\t\t\t\t\t\t\t\t\t\t\t<\/div>\n\t\t\t\t<\/div>\n\t\t\t\t\t<\/div>\n\t\t<\/div>\n\t\t\t\t\t<\/div>\n\t\t<\/section>\n\t\t\t\t<section class=\"elementor-section elementor-top-section elementor-element elementor-element-5c3ef1a elementor-section-boxed elementor-section-height-default elementor-section-height-default\" data-id=\"5c3ef1a\" data-element_type=\"section\" data-e-type=\"section\">\n\t\t\t\t\t\t<div class=\"elementor-container elementor-column-gap-default\">\n\t\t\t\t\t<div class=\"elementor-column elementor-col-100 elementor-top-column elementor-element elementor-element-ec4cd0c\" data-id=\"ec4cd0c\" data-element_type=\"column\" data-e-type=\"column\">\n\t\t\t<div class=\"elementor-widget-wrap elementor-element-populated\">\n\t\t\t\t\t\t<div class=\"elementor-element elementor-element-f4d76ff elementor-widget elementor-widget-image\" data-id=\"f4d76ff\" data-element_type=\"widget\" data-e-type=\"widget\" data-widget_type=\"image.default\">\n\t\t\t\t<div class=\"elementor-widget-container\">\n\t\t\t\t\t\t\t\t\t\t\t\t\t\t\t<img decoding=\"async\" width=\"1024\" height=\"683\" src=\"https:\/\/jued-friedhof18.at\/wp-content\/uploads\/2022\/04\/Freiwilligenarbeit-2-medium-1024x683.webp\" class=\"attachment-large size-large wp-image-2444\" alt=\"\" srcset=\"https:\/\/jued-friedhof18.at\/wp-content\/uploads\/2022\/04\/Freiwilligenarbeit-2-medium-1024x683.webp 1024w, https:\/\/jued-friedhof18.at\/wp-content\/uploads\/2022\/04\/Freiwilligenarbeit-2-medium-300x200.webp 300w, https:\/\/jued-friedhof18.at\/wp-content\/uploads\/2022\/04\/Freiwilligenarbeit-2-medium-768x512.webp 768w, https:\/\/jued-friedhof18.at\/wp-content\/uploads\/2022\/04\/Freiwilligenarbeit-2-medium-1536x1024.webp 1536w, https:\/\/jued-friedhof18.at\/wp-content\/uploads\/2022\/04\/Freiwilligenarbeit-2-medium-2048x1365.webp 2048w\" sizes=\"(max-width: 1024px) 100vw, 1024px\" \/>\t\t\t\t\t\t\t\t\t\t\t\t\t\t\t<\/div>\n\t\t\t\t<\/div>\n\t\t\t\t\t<\/div>\n\t\t<\/div>\n\t\t\t\t\t<\/div>\n\t\t<\/section>\n\t\t\t\t<\/div>\n\t\t","protected":false},"excerpt":{"rendered":"<p>Participation in voluntary work During your work, you will have the opportunity to experience this unique cultural and historical site from a completely different perspective: you will be gardening and removing plants and foliage from around the gravestones. Gloves, scissors, rakes, and wheelbarrows are available for use. However, if you have gardening gloves, please take [&hellip;]<\/p>\n","protected":false},"author":6,"featured_media":0,"parent":0,"menu_order":0,"comment_status":"closed","ping_status":"closed","template":"elementor_header_footer","meta":{"_acf_changed":false,"_exactmetrics_skip_tracking":false,"_exactmetrics_sitenote_active":false,"_exactmetrics_sitenote_note":"","_exactmetrics_sitenote_category":0,"footnotes":""},"class_list":["post-1598","page","type-page","status-publish","hentry"],"acf":[],"yoast_head":"<!-- This site is optimized with the Yoast SEO plugin v27.2 - https:\/\/yoast.com\/product\/yoast-seo-wordpress\/ -->\n<title>Volunteer - J\u00fcdischer Friedhof W\u00e4hring<\/title>\n<meta name=\"robots\" content=\"index, follow, max-snippet:-1, max-image-preview:large, max-video-preview:-1\" \/>\n<link rel=\"canonical\" href=\"https:\/\/jued-friedhof18.at\/en\/volunteer-days\/\" \/>\n<meta property=\"og:locale\" content=\"en_US\" \/>\n<meta property=\"og:type\" content=\"article\" \/>\n<meta property=\"og:title\" content=\"Volunteer - J\u00fcdischer Friedhof W\u00e4hring\" \/>\n<meta property=\"og:description\" content=\"Participation in voluntary work During your work, you will have the opportunity to experience this unique cultural and historical site from a completely different perspective: you will be gardening and removing plants and foliage from around the gravestones. Gloves, scissors, rakes, and wheelbarrows are available for use. However, if you have gardening gloves, please take [&hellip;]\" \/>\n<meta property=\"og:url\" content=\"https:\/\/jued-friedhof18.at\/en\/volunteer-days\/\" \/>\n<meta property=\"og:site_name\" content=\"J\u00fcdischer Friedhof W\u00e4hring\" \/>\n<meta property=\"article:publisher\" content=\"https:\/\/www.facebook.com\/friedhof18.wien\/\" \/>\n<meta property=\"article:modified_time\" content=\"2025-12-14T08:13:39+00:00\" \/>\n<meta property=\"og:image\" content=\"https:\/\/jued-friedhof18.at\/wp-content\/uploads\/2022\/04\/Freiwilligenarbeit-3-medium-1024x683.webp\" \/>\n<meta name=\"twitter:card\" content=\"summary_large_image\" \/>\n<meta name=\"twitter:label1\" content=\"Est. reading time\" \/>\n\t<meta name=\"twitter:data1\" content=\"2 minutes\" \/>\n<script type=\"application\/ld+json\" class=\"yoast-schema-graph\">{\"@context\":\"https:\/\/schema.org\",\"@graph\":[{\"@type\":\"WebPage\",\"@id\":\"https:\/\/jued-friedhof18.at\/en\/volunteer-days\/\",\"url\":\"https:\/\/jued-friedhof18.at\/en\/volunteer-days\/\",\"name\":\"Volunteer - J\u00fcdischer Friedhof W\u00e4hring\",\"isPartOf\":{\"@id\":\"https:\/\/jued-friedhof18.at\/en\/#website\"},\"primaryImageOfPage\":{\"@id\":\"https:\/\/jued-friedhof18.at\/en\/volunteer-days\/#primaryimage\"},\"image\":{\"@id\":\"https:\/\/jued-friedhof18.at\/en\/volunteer-days\/#primaryimage\"},\"thumbnailUrl\":\"https:\/\/jued-friedhof18.at\/wp-content\/uploads\/2022\/04\/Freiwilligenarbeit-3-medium-1024x683.webp\",\"datePublished\":\"2020-05-04T16:50:50+00:00\",\"dateModified\":\"2025-12-14T08:13:39+00:00\",\"breadcrumb\":{\"@id\":\"https:\/\/jued-friedhof18.at\/en\/volunteer-days\/#breadcrumb\"},\"inLanguage\":\"en-US\",\"potentialAction\":[{\"@type\":\"ReadAction\",\"target\":[\"https:\/\/jued-friedhof18.at\/en\/volunteer-days\/\"]}]},{\"@type\":\"ImageObject\",\"inLanguage\":\"en-US\",\"@id\":\"https:\/\/jued-friedhof18.at\/en\/volunteer-days\/#primaryimage\",\"url\":\"https:\/\/jued-friedhof18.at\/wp-content\/uploads\/2022\/04\/Freiwilligenarbeit-3-medium-1024x683.webp\",\"contentUrl\":\"https:\/\/jued-friedhof18.at\/wp-content\/uploads\/2022\/04\/Freiwilligenarbeit-3-medium-1024x683.webp\"},{\"@type\":\"BreadcrumbList\",\"@id\":\"https:\/\/jued-friedhof18.at\/en\/volunteer-days\/#breadcrumb\",\"itemListElement\":[{\"@type\":\"ListItem\",\"position\":1,\"name\":\"Startseite\",\"item\":\"https:\/\/jued-friedhof18.at\/en\/homepage\/\"},{\"@type\":\"ListItem\",\"position\":2,\"name\":\"Volunteer\"}]},{\"@type\":\"WebSite\",\"@id\":\"https:\/\/jued-friedhof18.at\/en\/#website\",\"url\":\"https:\/\/jued-friedhof18.at\/en\/\",\"name\":\"J\u00fcdischer Friedhof W\u00e4hring\",\"description\":\"Verein Rettet den J\u00fcdischen Friedhof W\u00e4hring\",\"publisher\":{\"@id\":\"https:\/\/jued-friedhof18.at\/en\/#organization\"},\"potentialAction\":[{\"@type\":\"SearchAction\",\"target\":{\"@type\":\"EntryPoint\",\"urlTemplate\":\"https:\/\/jued-friedhof18.at\/en\/?s={search_term_string}\"},\"query-input\":{\"@type\":\"PropertyValueSpecification\",\"valueRequired\":true,\"valueName\":\"search_term_string\"}}],\"inLanguage\":\"en-US\"},{\"@type\":\"Organization\",\"@id\":\"https:\/\/jued-friedhof18.at\/en\/#organization\",\"name\":\"J\u00fcdischer Friedhof W\u00e4hring\",\"url\":\"https:\/\/jued-friedhof18.at\/en\/\",\"logo\":{\"@type\":\"ImageObject\",\"inLanguage\":\"en-US\",\"@id\":\"https:\/\/jued-friedhof18.at\/en\/#\/schema\/logo\/image\/\",\"url\":\"https:\/\/jued-friedhof18.at\/wp-content\/uploads\/2019\/10\/jf-galerie18.jpg\",\"contentUrl\":\"https:\/\/jued-friedhof18.at\/wp-content\/uploads\/2019\/10\/jf-galerie18.jpg\",\"width\":2808,\"height\":1872,\"caption\":\"J\u00fcdischer Friedhof W\u00e4hring\"},\"image\":{\"@id\":\"https:\/\/jued-friedhof18.at\/en\/#\/schema\/logo\/image\/\"},\"sameAs\":[\"https:\/\/www.facebook.com\/friedhof18.wien\/\"]}]}<\/script>\n<!-- \/ Yoast SEO plugin. -->","yoast_head_json":{"title":"Volunteer - J\u00fcdischer Friedhof W\u00e4hring","robots":{"index":"index","follow":"follow","max-snippet":"max-snippet:-1","max-image-preview":"max-image-preview:large","max-video-preview":"max-video-preview:-1"},"canonical":"https:\/\/jued-friedhof18.at\/en\/volunteer-days\/","og_locale":"en_US","og_type":"article","og_title":"Volunteer - J\u00fcdischer Friedhof W\u00e4hring","og_description":"Participation in voluntary work During your work, you will have the opportunity to experience this unique cultural and historical site from a completely different perspective: you will be gardening and removing plants and foliage from around the gravestones. Gloves, scissors, rakes, and wheelbarrows are available for use. However, if you have gardening gloves, please take [&hellip;]","og_url":"https:\/\/jued-friedhof18.at\/en\/volunteer-days\/","og_site_name":"J\u00fcdischer Friedhof W\u00e4hring","article_publisher":"https:\/\/www.facebook.com\/friedhof18.wien\/","article_modified_time":"2025-12-14T08:13:39+00:00","og_image":[{"url":"https:\/\/jued-friedhof18.at\/wp-content\/uploads\/2022\/04\/Freiwilligenarbeit-3-medium-1024x683.webp","type":"","width":"","height":""}],"twitter_card":"summary_large_image","twitter_misc":{"Est. reading time":"2 minutes"},"schema":{"@context":"https:\/\/schema.org","@graph":[{"@type":"WebPage","@id":"https:\/\/jued-friedhof18.at\/en\/volunteer-days\/","url":"https:\/\/jued-friedhof18.at\/en\/volunteer-days\/","name":"Volunteer - J\u00fcdischer Friedhof W\u00e4hring","isPartOf":{"@id":"https:\/\/jued-friedhof18.at\/en\/#website"},"primaryImageOfPage":{"@id":"https:\/\/jued-friedhof18.at\/en\/volunteer-days\/#primaryimage"},"image":{"@id":"https:\/\/jued-friedhof18.at\/en\/volunteer-days\/#primaryimage"},"thumbnailUrl":"https:\/\/jued-friedhof18.at\/wp-content\/uploads\/2022\/04\/Freiwilligenarbeit-3-medium-1024x683.webp","datePublished":"2020-05-04T16:50:50+00:00","dateModified":"2025-12-14T08:13:39+00:00","breadcrumb":{"@id":"https:\/\/jued-friedhof18.at\/en\/volunteer-days\/#breadcrumb"},"inLanguage":"en-US","potentialAction":[{"@type":"ReadAction","target":["https:\/\/jued-friedhof18.at\/en\/volunteer-days\/"]}]},{"@type":"ImageObject","inLanguage":"en-US","@id":"https:\/\/jued-friedhof18.at\/en\/volunteer-days\/#primaryimage","url":"https:\/\/jued-friedhof18.at\/wp-content\/uploads\/2022\/04\/Freiwilligenarbeit-3-medium-1024x683.webp","contentUrl":"https:\/\/jued-friedhof18.at\/wp-content\/uploads\/2022\/04\/Freiwilligenarbeit-3-medium-1024x683.webp"},{"@type":"BreadcrumbList","@id":"https:\/\/jued-friedhof18.at\/en\/volunteer-days\/#breadcrumb","itemListElement":[{"@type":"ListItem","position":1,"name":"Startseite","item":"https:\/\/jued-friedhof18.at\/en\/homepage\/"},{"@type":"ListItem","position":2,"name":"Volunteer"}]},{"@type":"WebSite","@id":"https:\/\/jued-friedhof18.at\/en\/#website","url":"https:\/\/jued-friedhof18.at\/en\/","name":"J\u00fcdischer Friedhof W\u00e4hring","description":"Verein Rettet den J\u00fcdischen Friedhof W\u00e4hring","publisher":{"@id":"https:\/\/jued-friedhof18.at\/en\/#organization"},"potentialAction":[{"@type":"SearchAction","target":{"@type":"EntryPoint","urlTemplate":"https:\/\/jued-friedhof18.at\/en\/?s={search_term_string}"},"query-input":{"@type":"PropertyValueSpecification","valueRequired":true,"valueName":"search_term_string"}}],"inLanguage":"en-US"},{"@type":"Organization","@id":"https:\/\/jued-friedhof18.at\/en\/#organization","name":"J\u00fcdischer Friedhof W\u00e4hring","url":"https:\/\/jued-friedhof18.at\/en\/","logo":{"@type":"ImageObject","inLanguage":"en-US","@id":"https:\/\/jued-friedhof18.at\/en\/#\/schema\/logo\/image\/","url":"https:\/\/jued-friedhof18.at\/wp-content\/uploads\/2019\/10\/jf-galerie18.jpg","contentUrl":"https:\/\/jued-friedhof18.at\/wp-content\/uploads\/2019\/10\/jf-galerie18.jpg","width":2808,"height":1872,"caption":"J\u00fcdischer Friedhof W\u00e4hring"},"image":{"@id":"https:\/\/jued-friedhof18.at\/en\/#\/schema\/logo\/image\/"},"sameAs":["https:\/\/www.facebook.com\/friedhof18.wien\/"]}]}},"_links":{"self":[{"href":"https:\/\/jued-friedhof18.at\/en\/wp-json\/wp\/v2\/pages\/1598","targetHints":{"allow":["GET"]}}],"collection":[{"href":"https:\/\/jued-friedhof18.at\/en\/wp-json\/wp\/v2\/pages"}],"about":[{"href":"https:\/\/jued-friedhof18.at\/en\/wp-json\/wp\/v2\/types\/page"}],"author":[{"embeddable":true,"href":"https:\/\/jued-friedhof18.at\/en\/wp-json\/wp\/v2\/users\/6"}],"replies":[{"embeddable":true,"href":"https:\/\/jued-friedhof18.at\/en\/wp-json\/wp\/v2\/comments?post=1598"}],"version-history":[{"count":57,"href":"https:\/\/jued-friedhof18.at\/en\/wp-json\/wp\/v2\/pages\/1598\/revisions"}],"predecessor-version":[{"id":4648,"href":"https:\/\/jued-friedhof18.at\/en\/wp-json\/wp\/v2\/pages\/1598\/revisions\/4648"}],"wp:attachment":[{"href":"https:\/\/jued-friedhof18.at\/en\/wp-json\/wp\/v2\/media?parent=1598"}],"curies":[{"name":"wp","href":"https:\/\/api.w.org\/{rel}","templated":true}]}}