{"id":1603,"date":"2020-05-04T18:53:11","date_gmt":"2020-05-04T16:53:11","guid":{"rendered":"https:\/\/jued-friedhof18.at\/?page_id=1603"},"modified":"2026-05-12T11:21:32","modified_gmt":"2026-05-12T09:21:32","slug":"downloads","status":"publish","type":"page","link":"https:\/\/jued-friedhof18.at\/en\/downloads\/","title":{"rendered":"Downloads"},"content":{"rendered":"\t\t<div data-elementor-type=\"wp-page\" data-elementor-id=\"1603\" class=\"elementor elementor-1603 elementor-1093\">\n\t\t\t\t\t\t<section class=\"elementor-section elementor-top-section elementor-element elementor-element-21c0b2c9 elementor-section-boxed elementor-section-height-default elementor-section-height-default\" data-id=\"21c0b2c9\" data-element_type=\"section\" data-e-type=\"section\">\n\t\t\t\t\t\t<div class=\"elementor-container elementor-column-gap-default\">\n\t\t\t\t\t<div class=\"elementor-column elementor-col-100 elementor-top-column elementor-element elementor-element-57a10c6c\" data-id=\"57a10c6c\" data-element_type=\"column\" data-e-type=\"column\">\n\t\t\t<div class=\"elementor-widget-wrap elementor-element-populated\">\n\t\t\t\t\t\t<div class=\"elementor-element elementor-element-52ba7e3e elementor-widget elementor-widget-heading\" data-id=\"52ba7e3e\" data-element_type=\"widget\" data-e-type=\"widget\" data-widget_type=\"heading.default\">\n\t\t\t\t<div class=\"elementor-widget-container\">\n\t\t\t\t\t<h2 class=\"elementor-heading-title elementor-size-default\">Downloads<\/h2>\t\t\t\t<\/div>\n\t\t\t\t<\/div>\n\t\t\t\t<div class=\"elementor-element elementor-element-22957950 elementor-widget elementor-widget-text-editor\" data-id=\"22957950\" data-element_type=\"widget\" data-e-type=\"widget\" data-widget_type=\"text-editor.default\">\n\t\t\t\t<div class=\"elementor-widget-container\">\n\t\t\t\t\t\t\t\t\t<ul><li><a href=\"\/wp-content\/uploads\/2026\/05\/1_Pressemappe_Sanierung-Etappe-1.pdf\" target=\"_blank\" rel=\"noopener\"><span style=\"text-decoration: underline;\">Press kit refurbishment stage 1 &#8211; 2026<\/span><\/a><ul><li><a href=\"\/wp-content\/uploads\/2026\/05\/6_Grafik-Ablauf_Planung_Dokumentation_Ebenhoeh.pdf\" target=\"_blank\" rel=\"noopener\"><span style=\"text-decoration: underline;\">Refurbishment plan 2025<\/span><\/a><\/li><li><a href=\"\/wp-content\/uploads\/2026\/05\/2_JFW_Lageplan_2026.pdf\" target=\"_blank\" rel=\"noopener\"><span style=\"text-decoration: underline;\">Site plan 2026<\/span><\/a><\/li><li><a href=\"\/wp-content\/uploads\/2026\/05\/7a_Foto-Josef-Trier-vorher.jpg\" target=\"_blank\" rel=\"noopener\"><span style=\"text-decoration: underline;\">Photo Josef Trier before<\/span><\/a><\/li><li><a href=\"\/wp-content\/uploads\/2026\/05\/7a_Foto-Josef-Trier-nachher.jpg\" target=\"_blank\" rel=\"noopener\"><span style=\"text-decoration: underline;\">Photo Josef Trier after<\/span><\/a><\/li><li><a href=\"\/wp-content\/uploads\/2026\/05\/7b_Foto-vorher.jpg\" target=\"_blank\" rel=\"noopener\"><span style=\"text-decoration: underline;\">Photo gravestones before<\/span><\/a><\/li><li><a href=\"\/wp-content\/uploads\/2026\/05\/7b_Foto-nachher.jpg\" target=\"_blank\" rel=\"noopener\"><span style=\"text-decoration: underline;\">Photo gravestones after<\/span><\/a><\/li><li><span style=\"text-decoration: underline;\"><a href=\"\/wp-content\/uploads\/2026\/05\/8a_Ablauf-Arbeiten_DiamantMarcus.jpg\" target=\"_blank\" rel=\"noopener\">Procedure Diamond Marcus<\/a><\/span><\/li><li><a href=\"\/wp-content\/uploads\/2026\/05\/8b_Foto-Raupenkran-scaled.jpeg\" target=\"_blank\" rel=\"noopener\"><span style=\"text-decoration: underline;\">Photo crawler crane<\/span><\/a><\/li><li><a href=\"\/wp-content\/uploads\/2026\/05\/9_Foto-Grabstein-mit-Fehlstellen-scaled.jpeg\" target=\"_blank\" rel=\"noopener\"><span style=\"text-decoration: underline;\">Photo gravestone with flaws<\/span><\/a><\/li><\/ul><\/li><li><span style=\"text-decoration: underline;\"><a href=\"https:\/\/jued-friedhof18.at\/en\/a-splendor-of-viennas-ringstrasse\/\">Film: A splendor of Vienna&#8217;s Ringstrasse<\/a><\/span><\/li><li><a href=\"\/wp-content\/uploads\/2023\/03\/JFW_Pressemappe_A4.pdf\"><span style=\"text-decoration: underline;\">Press kit opening exhibition space<\/span><\/a><\/li><li><span style=\"text-decoration: underline;\"><a href=\"\/wp-content\/uploads\/2026\/01\/Statuten-gueltig-ab-21.05.2024.pdf\" target=\"_blank\" rel=\"noopener\">Statutes<\/a><\/span><\/li><li><span style=\"text-decoration: underline;\"><a href=\"\/wp-content\/uploads\/2026\/01\/RdjFH_Folder-148x210_2022_v3_dt.pdf\" target=\"_blank\" rel=\"noopener\">Info brochure EN<\/a><\/span><\/li><li><span style=\"text-decoration: underline;\"><a href=\"\/wp-content\/uploads\/2026\/01\/RdjFH_Folder-148x210_2022_v2_en.pdf\" target=\"_blank\" rel=\"noopener\">Information brochure EN<\/a><\/span><\/li><li><a href=\"\/wp-content\/uploads\/2026\/01\/Taetigkeitsbericht2024_V2.pdf\" target=\"_blank\" rel=\"noopener\"><span style=\"text-decoration: underline;\">Activity report 2024<\/span><\/a><\/li><li><a href=\"\/wp-content\/uploads\/2026\/01\/Taetigkeitsbericht2023_V1.pdf\" target=\"_blank\" rel=\"noopener\"><span style=\"text-decoration: underline;\">Activity report 2023<\/span><\/a><\/li><li><a href=\"\/wp-content\/uploads\/2026\/01\/Taetigkeitsbericht-2022_V2.pdf\" target=\"_blank\" rel=\"noopener\"><span style=\"text-decoration: underline;\">Activity report 2022<\/span><\/a><\/li><li><span style=\"text-decoration: underline;\"><a href=\"\/wp-content\/uploads\/2022\/04\/Taetigkeitsbericht-2021_V3.pdf\" target=\"_blank\" rel=\"noopener\">Activity report 2021<\/a><\/span><\/li><li><span style=\"text-decoration: underline;\"><a href=\"\/wp-content\/uploads\/2022\/04\/Taetigkeitsbericht-2020_V6.pdf\" target=\"_blank\" rel=\"noopener\">Activity report 2020<\/a><\/span><\/li><li><span style=\"text-decoration: underline;\"><a href=\"\/wp-content\/uploads\/2022\/04\/Taetigkeitsbericht-2019_V4.pdf\" target=\"_blank\" rel=\"noopener\">Activity report 2019<\/a><\/span><\/li><li><span style=\"text-decoration: underline;\"><a href=\"\/wp-content\/uploads\/2026\/01\/2025-2028-Teilflaechen-13-18-Sanierungskonzept.pdf\" target=\"_blank\" rel=\"noopener\">Redevelopment concept 2025 &#8211; 2028 Sub-areas 13 &#8211; 18<\/a><\/span><\/li><li><span style=\"text-decoration: underline;\"><a href=\"\/wp-content\/uploads\/2026\/01\/2024_Teilflaeche-12-Sanierungskonzept.pdf\" target=\"_blank\" rel=\"noopener\">Redevelopment concept 2024 sub-area 12<\/a><\/span><\/li><li><span style=\"text-decoration: underline;\"><a href=\"\/wp-content\/uploads\/2022\/04\/2022_2023_Teilflaeche-910-Sanierungskonzept.pdf\" target=\"_blank\" rel=\"noopener\">Redevelopment concept 2022\/23 sub-area 9 &#8211; 10<\/a><\/span><\/li><li><span style=\"text-decoration: underline;\"><a href=\"\/wp-content\/uploads\/2022\/04\/2021_Teilflaeche-11-Sanierungskonzept.pdf\" target=\"_blank\" rel=\"noopener\">Remediation concept 2021 Subarea 11<\/a><\/span><\/li><li><span style=\"text-decoration: underline;\"><a href=\"\/wp-content\/uploads\/2022\/04\/2021_Teilflaeche-06-08-Sanierungskonzept.pdf\" target=\"_blank\" rel=\"noopener\">Remediation concept 2021 Subarea 6 &#8211; 8<\/a><\/span><\/li><li><span style=\"text-decoration: underline;\"><a href=\"\/wp-content\/uploads\/2022\/04\/2020_Teilflaeche-5-Sanierungskonzept.pdf\" target=\"_blank\" rel=\"noopener\">2020 redevelopment concept subarea 5<\/a><\/span><\/li><li><span style=\"text-decoration: underline;\"><a href=\"\/wp-content\/uploads\/2022\/04\/2020_Teilflaeche-3-Sanierungsabschluss.pdf\" target=\"_blank\" rel=\"noopener\">Maintenance status 2011 &#8211; 2020 Sub-area 3<\/a><\/span><\/li><li><span style=\"text-decoration: underline;\"><a href=\"\/wp-content\/uploads\/2022\/04\/2019_Projektbeschreibung-Bestandserhaltung-Friedhof.pdf\" target=\"_blank\" rel=\"noopener\">Project description conservation cemetery 2019<\/a><\/span><\/li><\/ul>\t\t\t\t\t\t\t\t<\/div>\n\t\t\t\t<\/div>\n\t\t\t\t\t<\/div>\n\t\t<\/div>\n\t\t\t\t\t<\/div>\n\t\t<\/section>\n\t\t\t\t<section class=\"elementor-section elementor-top-section elementor-element elementor-element-f12f838 elementor-section-height-min-height elementor-section-boxed elementor-section-height-default elementor-section-items-middle\" data-id=\"f12f838\" data-element_type=\"section\" data-e-type=\"section\" data-settings=\"{&quot;background_background&quot;:&quot;classic&quot;}\">\n\t\t\t\t\t\t<div class=\"elementor-container elementor-column-gap-default\">\n\t\t\t\t\t<div class=\"elementor-column elementor-col-100 elementor-top-column elementor-element elementor-element-efbb956\" data-id=\"efbb956\" data-element_type=\"column\" data-e-type=\"column\">\n\t\t\t<div class=\"elementor-widget-wrap\">\n\t\t\t\t\t\t\t<\/div>\n\t\t<\/div>\n\t\t\t\t\t<\/div>\n\t\t<\/section>\n\t\t\t\t<\/div>\n\t\t","protected":false},"excerpt":{"rendered":"<p>Downloads Press kit refurbishment stage 1 &#8211; 2026 Refurbishment plan 2025 Site plan 2026 Photo Josef Trier before Photo Josef Trier after Photo gravestones before Photo gravestones after Procedure Diamond Marcus Photo crawler crane Photo gravestone with flaws Film: A splendor of Vienna&#8217;s Ringstrasse Press kit opening exhibition space Statutes Info brochure EN Information brochure [&hellip;]<\/p>\n","protected":false},"author":6,"featured_media":0,"parent":0,"menu_order":0,"comment_status":"closed","ping_status":"closed","template":"elementor_header_footer","meta":{"_acf_changed":false,"_exactmetrics_skip_tracking":false,"_exactmetrics_sitenote_active":false,"_exactmetrics_sitenote_note":"","_exactmetrics_sitenote_category":0,"footnotes":""},"class_list":["post-1603","page","type-page","status-publish","hentry"],"acf":[],"yoast_head":"<!-- This site is optimized with the Yoast SEO plugin v27.4 - https:\/\/yoast.com\/product\/yoast-seo-wordpress\/ -->\n<title>Downloads - J\u00fcdischer Friedhof W\u00e4hring<\/title>\n<meta name=\"robots\" content=\"index, follow, max-snippet:-1, max-image-preview:large, max-video-preview:-1\" \/>\n<link rel=\"canonical\" href=\"https:\/\/jued-friedhof18.at\/en\/downloads\/\" \/>\n<meta property=\"og:locale\" content=\"en_US\" \/>\n<meta property=\"og:type\" content=\"article\" \/>\n<meta property=\"og:title\" content=\"Downloads - J\u00fcdischer Friedhof W\u00e4hring\" \/>\n<meta property=\"og:description\" content=\"Downloads Press kit refurbishment stage 1 &#8211; 2026 Refurbishment plan 2025 Site plan 2026 Photo Josef Trier before Photo Josef Trier after Photo gravestones before Photo gravestones after Procedure Diamond Marcus Photo crawler crane Photo gravestone with flaws Film: A splendor of Vienna&#8217;s Ringstrasse Press kit opening exhibition space Statutes Info brochure EN Information brochure [&hellip;]\" \/>\n<meta property=\"og:url\" content=\"https:\/\/jued-friedhof18.at\/en\/downloads\/\" \/>\n<meta property=\"og:site_name\" content=\"J\u00fcdischer Friedhof W\u00e4hring\" \/>\n<meta property=\"article:publisher\" content=\"https:\/\/www.facebook.com\/friedhof18.wien\/\" \/>\n<meta property=\"article:modified_time\" content=\"2026-05-12T09:21:32+00:00\" \/>\n<meta property=\"og:image\" content=\"https:\/\/jued-friedhof18.at\/wp-content\/uploads\/2019\/10\/jf-galerie12.jpg\" \/>\n\t<meta property=\"og:image:width\" content=\"2745\" \/>\n\t<meta property=\"og:image:height\" content=\"1830\" \/>\n\t<meta property=\"og:image:type\" content=\"image\/jpeg\" \/>\n<meta name=\"twitter:card\" content=\"summary_large_image\" \/>\n<meta name=\"twitter:label1\" content=\"Est. reading time\" \/>\n\t<meta name=\"twitter:data1\" content=\"1 minute\" \/>\n<script type=\"application\/ld+json\" class=\"yoast-schema-graph\">{\"@context\":\"https:\\\/\\\/schema.org\",\"@graph\":[{\"@type\":\"WebPage\",\"@id\":\"https:\\\/\\\/jued-friedhof18.at\\\/en\\\/downloads\\\/\",\"url\":\"https:\\\/\\\/jued-friedhof18.at\\\/en\\\/downloads\\\/\",\"name\":\"Downloads - J\u00fcdischer Friedhof W\u00e4hring\",\"isPartOf\":{\"@id\":\"https:\\\/\\\/jued-friedhof18.at\\\/en\\\/#website\"},\"datePublished\":\"2020-05-04T16:53:11+00:00\",\"dateModified\":\"2026-05-12T09:21:32+00:00\",\"breadcrumb\":{\"@id\":\"https:\\\/\\\/jued-friedhof18.at\\\/en\\\/downloads\\\/#breadcrumb\"},\"inLanguage\":\"en-US\",\"potentialAction\":[{\"@type\":\"ReadAction\",\"target\":[\"https:\\\/\\\/jued-friedhof18.at\\\/en\\\/downloads\\\/\"]}]},{\"@type\":\"BreadcrumbList\",\"@id\":\"https:\\\/\\\/jued-friedhof18.at\\\/en\\\/downloads\\\/#breadcrumb\",\"itemListElement\":[{\"@type\":\"ListItem\",\"position\":1,\"name\":\"Startseite\",\"item\":\"https:\\\/\\\/jued-friedhof18.at\\\/en\\\/homepage\\\/\"},{\"@type\":\"ListItem\",\"position\":2,\"name\":\"Downloads\"}]},{\"@type\":\"WebSite\",\"@id\":\"https:\\\/\\\/jued-friedhof18.at\\\/en\\\/#website\",\"url\":\"https:\\\/\\\/jued-friedhof18.at\\\/en\\\/\",\"name\":\"J\u00fcdischer Friedhof W\u00e4hring\",\"description\":\"Verein Rettet den J\u00fcdischen Friedhof W\u00e4hring\",\"publisher\":{\"@id\":\"https:\\\/\\\/jued-friedhof18.at\\\/en\\\/#organization\"},\"potentialAction\":[{\"@type\":\"SearchAction\",\"target\":{\"@type\":\"EntryPoint\",\"urlTemplate\":\"https:\\\/\\\/jued-friedhof18.at\\\/en\\\/?s={search_term_string}\"},\"query-input\":{\"@type\":\"PropertyValueSpecification\",\"valueRequired\":true,\"valueName\":\"search_term_string\"}}],\"inLanguage\":\"en-US\"},{\"@type\":\"Organization\",\"@id\":\"https:\\\/\\\/jued-friedhof18.at\\\/en\\\/#organization\",\"name\":\"J\u00fcdischer Friedhof W\u00e4hring\",\"url\":\"https:\\\/\\\/jued-friedhof18.at\\\/en\\\/\",\"logo\":{\"@type\":\"ImageObject\",\"inLanguage\":\"en-US\",\"@id\":\"https:\\\/\\\/jued-friedhof18.at\\\/en\\\/#\\\/schema\\\/logo\\\/image\\\/\",\"url\":\"https:\\\/\\\/jued-friedhof18.at\\\/wp-content\\\/uploads\\\/2019\\\/10\\\/jf-galerie18.jpg\",\"contentUrl\":\"https:\\\/\\\/jued-friedhof18.at\\\/wp-content\\\/uploads\\\/2019\\\/10\\\/jf-galerie18.jpg\",\"width\":2808,\"height\":1872,\"caption\":\"J\u00fcdischer Friedhof W\u00e4hring\"},\"image\":{\"@id\":\"https:\\\/\\\/jued-friedhof18.at\\\/en\\\/#\\\/schema\\\/logo\\\/image\\\/\"},\"sameAs\":[\"https:\\\/\\\/www.facebook.com\\\/friedhof18.wien\\\/\"]}]}<\/script>\n<!-- \/ Yoast SEO plugin. -->","yoast_head_json":{"title":"Downloads - J\u00fcdischer Friedhof W\u00e4hring","robots":{"index":"index","follow":"follow","max-snippet":"max-snippet:-1","max-image-preview":"max-image-preview:large","max-video-preview":"max-video-preview:-1"},"canonical":"https:\/\/jued-friedhof18.at\/en\/downloads\/","og_locale":"en_US","og_type":"article","og_title":"Downloads - J\u00fcdischer Friedhof W\u00e4hring","og_description":"Downloads Press kit refurbishment stage 1 &#8211; 2026 Refurbishment plan 2025 Site plan 2026 Photo Josef Trier before Photo Josef Trier after Photo gravestones before Photo gravestones after Procedure Diamond Marcus Photo crawler crane Photo gravestone with flaws Film: A splendor of Vienna&#8217;s Ringstrasse Press kit opening exhibition space Statutes Info brochure EN Information brochure [&hellip;]","og_url":"https:\/\/jued-friedhof18.at\/en\/downloads\/","og_site_name":"J\u00fcdischer Friedhof W\u00e4hring","article_publisher":"https:\/\/www.facebook.com\/friedhof18.wien\/","article_modified_time":"2026-05-12T09:21:32+00:00","og_image":[{"width":2745,"height":1830,"url":"https:\/\/jued-friedhof18.at\/wp-content\/uploads\/2019\/10\/jf-galerie12.jpg","type":"image\/jpeg"}],"twitter_card":"summary_large_image","twitter_misc":{"Est. reading time":"1 minute"},"schema":{"@context":"https:\/\/schema.org","@graph":[{"@type":"WebPage","@id":"https:\/\/jued-friedhof18.at\/en\/downloads\/","url":"https:\/\/jued-friedhof18.at\/en\/downloads\/","name":"Downloads - J\u00fcdischer Friedhof W\u00e4hring","isPartOf":{"@id":"https:\/\/jued-friedhof18.at\/en\/#website"},"datePublished":"2020-05-04T16:53:11+00:00","dateModified":"2026-05-12T09:21:32+00:00","breadcrumb":{"@id":"https:\/\/jued-friedhof18.at\/en\/downloads\/#breadcrumb"},"inLanguage":"en-US","potentialAction":[{"@type":"ReadAction","target":["https:\/\/jued-friedhof18.at\/en\/downloads\/"]}]},{"@type":"BreadcrumbList","@id":"https:\/\/jued-friedhof18.at\/en\/downloads\/#breadcrumb","itemListElement":[{"@type":"ListItem","position":1,"name":"Startseite","item":"https:\/\/jued-friedhof18.at\/en\/homepage\/"},{"@type":"ListItem","position":2,"name":"Downloads"}]},{"@type":"WebSite","@id":"https:\/\/jued-friedhof18.at\/en\/#website","url":"https:\/\/jued-friedhof18.at\/en\/","name":"J\u00fcdischer Friedhof W\u00e4hring","description":"Verein Rettet den J\u00fcdischen Friedhof W\u00e4hring","publisher":{"@id":"https:\/\/jued-friedhof18.at\/en\/#organization"},"potentialAction":[{"@type":"SearchAction","target":{"@type":"EntryPoint","urlTemplate":"https:\/\/jued-friedhof18.at\/en\/?s={search_term_string}"},"query-input":{"@type":"PropertyValueSpecification","valueRequired":true,"valueName":"search_term_string"}}],"inLanguage":"en-US"},{"@type":"Organization","@id":"https:\/\/jued-friedhof18.at\/en\/#organization","name":"J\u00fcdischer Friedhof W\u00e4hring","url":"https:\/\/jued-friedhof18.at\/en\/","logo":{"@type":"ImageObject","inLanguage":"en-US","@id":"https:\/\/jued-friedhof18.at\/en\/#\/schema\/logo\/image\/","url":"https:\/\/jued-friedhof18.at\/wp-content\/uploads\/2019\/10\/jf-galerie18.jpg","contentUrl":"https:\/\/jued-friedhof18.at\/wp-content\/uploads\/2019\/10\/jf-galerie18.jpg","width":2808,"height":1872,"caption":"J\u00fcdischer Friedhof W\u00e4hring"},"image":{"@id":"https:\/\/jued-friedhof18.at\/en\/#\/schema\/logo\/image\/"},"sameAs":["https:\/\/www.facebook.com\/friedhof18.wien\/"]}]}},"_links":{"self":[{"href":"https:\/\/jued-friedhof18.at\/en\/wp-json\/wp\/v2\/pages\/1603","targetHints":{"allow":["GET"]}}],"collection":[{"href":"https:\/\/jued-friedhof18.at\/en\/wp-json\/wp\/v2\/pages"}],"about":[{"href":"https:\/\/jued-friedhof18.at\/en\/wp-json\/wp\/v2\/types\/page"}],"author":[{"embeddable":true,"href":"https:\/\/jued-friedhof18.at\/en\/wp-json\/wp\/v2\/users\/6"}],"replies":[{"embeddable":true,"href":"https:\/\/jued-friedhof18.at\/en\/wp-json\/wp\/v2\/comments?post=1603"}],"version-history":[{"count":39,"href":"https:\/\/jued-friedhof18.at\/en\/wp-json\/wp\/v2\/pages\/1603\/revisions"}],"predecessor-version":[{"id":5151,"href":"https:\/\/jued-friedhof18.at\/en\/wp-json\/wp\/v2\/pages\/1603\/revisions\/5151"}],"wp:attachment":[{"href":"https:\/\/jued-friedhof18.at\/en\/wp-json\/wp\/v2\/media?parent=1603"}],"curies":[{"name":"wp","href":"https:\/\/api.w.org\/{rel}","templated":true}]}}