{"id":1614,"date":"2020-05-04T19:06:58","date_gmt":"2020-05-04T17:06:58","guid":{"rendered":"https:\/\/jued-friedhof18.at\/?page_id=1614"},"modified":"2025-11-24T15:44:34","modified_gmt":"2025-11-24T14:44:34","slug":"members","status":"publish","type":"page","link":"https:\/\/jued-friedhof18.at\/en\/members\/","title":{"rendered":"Members"},"content":{"rendered":"\t\t<div data-elementor-type=\"wp-post\" data-elementor-id=\"1614\" class=\"elementor elementor-1614 elementor-574\">\n\t\t\t\t\t\t<section class=\"elementor-section elementor-top-section elementor-element elementor-element-16dcbff elementor-section-boxed elementor-section-height-default elementor-section-height-default\" data-id=\"16dcbff\" data-element_type=\"section\" data-e-type=\"section\">\n\t\t\t\t\t\t<div class=\"elementor-container elementor-column-gap-default\">\n\t\t\t\t\t<div class=\"elementor-column elementor-col-100 elementor-top-column elementor-element elementor-element-a375a5c\" data-id=\"a375a5c\" data-element_type=\"column\" data-e-type=\"column\">\n\t\t\t<div class=\"elementor-widget-wrap elementor-element-populated\">\n\t\t\t\t\t\t<div class=\"elementor-element elementor-element-3fb1972 elementor-widget elementor-widget-spacer\" data-id=\"3fb1972\" data-element_type=\"widget\" data-e-type=\"widget\" data-widget_type=\"spacer.default\">\n\t\t\t\t<div class=\"elementor-widget-container\">\n\t\t\t\t\t\t\t<div class=\"elementor-spacer\">\n\t\t\t<div class=\"elementor-spacer-inner\"><\/div>\n\t\t<\/div>\n\t\t\t\t\t\t<\/div>\n\t\t\t\t<\/div>\n\t\t\t\t<div class=\"elementor-element elementor-element-4aadc6a elementor-widget elementor-widget-menu-anchor\" data-id=\"4aadc6a\" data-element_type=\"widget\" data-e-type=\"widget\" data-widget_type=\"menu-anchor.default\">\n\t\t\t\t<div class=\"elementor-widget-container\">\n\t\t\t\t\t\t\t<div class=\"elementor-menu-anchor\" id=\"boardofdirectors\"><\/div>\n\t\t\t\t\t\t<\/div>\n\t\t\t\t<\/div>\n\t\t\t\t\t<\/div>\n\t\t<\/div>\n\t\t\t\t\t<\/div>\n\t\t<\/section>\n\t\t\t\t<section class=\"elementor-section elementor-top-section elementor-element elementor-element-3aeb2d2 elementor-section-boxed elementor-section-height-default elementor-section-height-default\" data-id=\"3aeb2d2\" data-element_type=\"section\" data-e-type=\"section\">\n\t\t\t\t\t\t<div class=\"elementor-container elementor-column-gap-default\">\n\t\t\t\t\t<div class=\"elementor-column elementor-col-100 elementor-top-column elementor-element elementor-element-5e163c4\" data-id=\"5e163c4\" data-element_type=\"column\" data-e-type=\"column\">\n\t\t\t<div class=\"elementor-widget-wrap elementor-element-populated\">\n\t\t\t\t\t\t<div class=\"elementor-element elementor-element-e9d157b elementor-widget elementor-widget-text-editor\" data-id=\"e9d157b\" data-element_type=\"widget\" data-e-type=\"widget\" data-widget_type=\"text-editor.default\">\n\t\t\t\t<div class=\"elementor-widget-container\">\n\t\t\t\t\t\t\t\t\t<h2>Association Board<\/h2><p><span style=\"color: #000000;\">The honorary board of the association is composed of the following persons:<\/span><\/p><ul><li>Gerbert Frodl (Board of Directors for the exhibition)<\/li><li><span style=\"color: #000000;\">G\u00fcnther W. Havranek (Chairman)<\/span><\/li><li><span style=\"color: #000000;\">Karl Javurek (Chief Marketing Officer)<\/span><\/li><li>Jennifer Kickert (Deputy Chairwoman), Spokeswoman Association<\/li><li><span style=\"color: #000000;\">Ariel Muzicant (Deputy Chairman)<\/span><\/li><li>Elie Rosen (Board of Religious Affairs)<\/li><li><span style=\"color: #000000;\">Andrea Schellner (Treasurer)<\/span><\/li><li><span style=\"color: #000000;\">Susanne Schober-Bendixen (Secretary)<\/span><\/li><\/ul>\t\t\t\t\t\t\t\t<\/div>\n\t\t\t\t<\/div>\n\t\t\t\t\t<\/div>\n\t\t<\/div>\n\t\t\t\t\t<\/div>\n\t\t<\/section>\n\t\t\t\t<section class=\"elementor-section elementor-top-section elementor-element elementor-element-6331c58 elementor-section-boxed elementor-section-height-default elementor-section-height-default\" data-id=\"6331c58\" data-element_type=\"section\" data-e-type=\"section\">\n\t\t\t\t\t\t<div class=\"elementor-container elementor-column-gap-default\">\n\t\t\t\t\t<div class=\"elementor-column elementor-col-100 elementor-top-column elementor-element elementor-element-2a59dc5\" data-id=\"2a59dc5\" data-element_type=\"column\" data-e-type=\"column\">\n\t\t\t<div class=\"elementor-widget-wrap elementor-element-populated\">\n\t\t\t\t\t\t<div class=\"elementor-element elementor-element-ae1baa0 elementor-widget-divider--view-line elementor-widget elementor-widget-divider\" data-id=\"ae1baa0\" data-element_type=\"widget\" data-e-type=\"widget\" data-widget_type=\"divider.default\">\n\t\t\t\t<div class=\"elementor-widget-container\">\n\t\t\t\t\t\t\t<div class=\"elementor-divider\">\n\t\t\t<span class=\"elementor-divider-separator\">\n\t\t\t\t\t\t<\/span>\n\t\t<\/div>\n\t\t\t\t\t\t<\/div>\n\t\t\t\t<\/div>\n\t\t\t\t\t<\/div>\n\t\t<\/div>\n\t\t\t\t\t<\/div>\n\t\t<\/section>\n\t\t\t\t<section class=\"elementor-section elementor-top-section elementor-element elementor-element-60ac81c elementor-section-boxed elementor-section-height-default elementor-section-height-default\" data-id=\"60ac81c\" data-element_type=\"section\" data-e-type=\"section\">\n\t\t\t\t\t\t<div class=\"elementor-container elementor-column-gap-default\">\n\t\t\t\t\t<div class=\"elementor-column elementor-col-100 elementor-top-column elementor-element elementor-element-a939d4e\" data-id=\"a939d4e\" data-element_type=\"column\" data-e-type=\"column\">\n\t\t\t<div class=\"elementor-widget-wrap elementor-element-populated\">\n\t\t\t\t\t\t<div class=\"elementor-element elementor-element-3bc6ce5 elementor-widget elementor-widget-menu-anchor\" data-id=\"3bc6ce5\" data-element_type=\"widget\" data-e-type=\"widget\" data-widget_type=\"menu-anchor.default\">\n\t\t\t\t<div class=\"elementor-widget-container\">\n\t\t\t\t\t\t\t<div class=\"elementor-menu-anchor\" id=\"advisoryboard\"><\/div>\n\t\t\t\t\t\t<\/div>\n\t\t\t\t<\/div>\n\t\t\t\t\t<\/div>\n\t\t<\/div>\n\t\t\t\t\t<\/div>\n\t\t<\/section>\n\t\t\t\t<section class=\"elementor-section elementor-top-section elementor-element elementor-element-bdf6fa7 elementor-section-boxed elementor-section-height-default elementor-section-height-default\" data-id=\"bdf6fa7\" data-element_type=\"section\" data-e-type=\"section\">\n\t\t\t\t\t\t<div class=\"elementor-container elementor-column-gap-default\">\n\t\t\t\t\t<div class=\"elementor-column elementor-col-100 elementor-top-column elementor-element elementor-element-91d0e50\" data-id=\"91d0e50\" data-element_type=\"column\" data-e-type=\"column\">\n\t\t\t<div class=\"elementor-widget-wrap elementor-element-populated\">\n\t\t\t\t\t\t<div class=\"elementor-element elementor-element-213352b elementor-widget elementor-widget-text-editor\" data-id=\"213352b\" data-element_type=\"widget\" data-e-type=\"widget\" data-widget_type=\"text-editor.default\">\n\t\t\t\t<div class=\"elementor-widget-container\">\n\t\t\t\t\t\t\t\t\t<h2>Scientific advisory board<\/h2><p><span style=\"color: #000000;\">The following persons belong to the honorary scientific advisory board:<\/span><\/p><ul><li><span style=\"color: #000000;\">Matti Bunzl (Vienna Museum)<\/span><\/li><li><span style=\"color: #000000;\">Klaus Davidowicz (Professor of Jewish Studies at the University of Vienna)<\/span><\/li><li><span style=\"color: #000000;\">Annemarie Fenzl (Austrian historian and archivist)<\/span><\/li><li><span style=\"color: #000000;\">Georg Gaugusch (employee of the Heraldic-Genealogical Society &#8220;Adler&#8221; in Vienna)<\/span><\/li><li><span style=\"color: #000000;\">Schlomo Hofmeister<a style=\"color: #000000;\" href=\"https:\/\/de.wikipedia.org\/wiki\/Rabbiner\">(Community Rabbi of <\/a>the <a style=\"color: #000000;\" href=\"https:\/\/de.wikipedia.org\/wiki\/Israelitische_Kultusgemeinde_Wien\">Jewish Community of Vienna<\/a>.)<\/span><\/li><li><span style=\"color: #000000;\">Karl Sch\u00fctz (Project Staff Picture Gallery of the Kunsthistorisches Museum Vienna)<\/span><\/li><\/ul>\t\t\t\t\t\t\t\t<\/div>\n\t\t\t\t<\/div>\n\t\t\t\t\t<\/div>\n\t\t<\/div>\n\t\t\t\t\t<\/div>\n\t\t<\/section>\n\t\t\t\t<section class=\"elementor-section elementor-top-section elementor-element elementor-element-4c6bc71 elementor-section-boxed elementor-section-height-default elementor-section-height-default\" data-id=\"4c6bc71\" data-element_type=\"section\" data-e-type=\"section\">\n\t\t\t\t\t\t<div class=\"elementor-container elementor-column-gap-default\">\n\t\t\t\t\t<div class=\"elementor-column elementor-col-100 elementor-top-column elementor-element elementor-element-1f0c770\" data-id=\"1f0c770\" data-element_type=\"column\" data-e-type=\"column\">\n\t\t\t<div class=\"elementor-widget-wrap elementor-element-populated\">\n\t\t\t\t\t\t<div class=\"elementor-element elementor-element-ec3aad4 elementor-widget-divider--view-line elementor-widget elementor-widget-divider\" data-id=\"ec3aad4\" data-element_type=\"widget\" data-e-type=\"widget\" data-widget_type=\"divider.default\">\n\t\t\t\t<div class=\"elementor-widget-container\">\n\t\t\t\t\t\t\t<div class=\"elementor-divider\">\n\t\t\t<span class=\"elementor-divider-separator\">\n\t\t\t\t\t\t<\/span>\n\t\t<\/div>\n\t\t\t\t\t\t<\/div>\n\t\t\t\t<\/div>\n\t\t\t\t<div class=\"elementor-element elementor-element-61f85fb elementor-widget elementor-widget-menu-anchor\" data-id=\"61f85fb\" data-element_type=\"widget\" data-e-type=\"widget\" data-widget_type=\"menu-anchor.default\">\n\t\t\t\t<div class=\"elementor-widget-container\">\n\t\t\t\t\t\t\t<div class=\"elementor-menu-anchor\" id=\"auditor\"><\/div>\n\t\t\t\t\t\t<\/div>\n\t\t\t\t<\/div>\n\t\t\t\t<div class=\"elementor-element elementor-element-d00b2dc elementor-widget elementor-widget-text-editor\" data-id=\"d00b2dc\" data-element_type=\"widget\" data-e-type=\"widget\" data-widget_type=\"text-editor.default\">\n\t\t\t\t<div class=\"elementor-widget-container\">\n\t\t\t\t\t\t\t\t\t<h2>Auditor<\/h2><p> <\/p><ul><li><span style=\"color: #000000;\">Hans Hammerschmied &#8211; Certified Public Accountant<\/span><\/li><li>Frederick duke<\/li><\/ul>\t\t\t\t\t\t\t\t<\/div>\n\t\t\t\t<\/div>\n\t\t\t\t<div class=\"elementor-element elementor-element-5a8cf25 elementor-widget elementor-widget-spacer\" data-id=\"5a8cf25\" data-element_type=\"widget\" data-e-type=\"widget\" data-widget_type=\"spacer.default\">\n\t\t\t\t<div class=\"elementor-widget-container\">\n\t\t\t\t\t\t\t<div class=\"elementor-spacer\">\n\t\t\t<div class=\"elementor-spacer-inner\"><\/div>\n\t\t<\/div>\n\t\t\t\t\t\t<\/div>\n\t\t\t\t<\/div>\n\t\t\t\t\t<\/div>\n\t\t<\/div>\n\t\t\t\t\t<\/div>\n\t\t<\/section>\n\t\t\t\t<\/div>\n\t\t","protected":false},"excerpt":{"rendered":"<p>Association Board The honorary board of the association is composed of the following persons: Gerbert Frodl (Board of Directors for the exhibition) G\u00fcnther W. Havranek (Chairman) Karl Javurek (Chief Marketing Officer) Jennifer Kickert (Deputy Chairwoman), Spokeswoman Association Ariel Muzicant (Deputy Chairman) Elie Rosen (Board of Religious Affairs) Andrea Schellner (Treasurer) Susanne Schober-Bendixen (Secretary) Scientific advisory [&hellip;]<\/p>\n","protected":false},"author":6,"featured_media":0,"parent":0,"menu_order":0,"comment_status":"closed","ping_status":"closed","template":"elementor_header_footer","meta":{"_acf_changed":false,"_exactmetrics_skip_tracking":false,"_exactmetrics_sitenote_active":false,"_exactmetrics_sitenote_note":"","_exactmetrics_sitenote_category":0,"footnotes":""},"class_list":["post-1614","page","type-page","status-publish","hentry"],"acf":[],"yoast_head":"<!-- This site is optimized with the Yoast SEO plugin v27.2 - https:\/\/yoast.com\/product\/yoast-seo-wordpress\/ -->\n<title>Members - J\u00fcdischer Friedhof W\u00e4hring<\/title>\n<meta name=\"robots\" content=\"index, follow, max-snippet:-1, max-image-preview:large, max-video-preview:-1\" \/>\n<link rel=\"canonical\" href=\"https:\/\/jued-friedhof18.at\/en\/members\/\" \/>\n<meta property=\"og:locale\" content=\"en_US\" \/>\n<meta property=\"og:type\" content=\"article\" \/>\n<meta property=\"og:title\" content=\"Members - J\u00fcdischer Friedhof W\u00e4hring\" \/>\n<meta property=\"og:description\" content=\"Association Board The honorary board of the association is composed of the following persons: Gerbert Frodl (Board of Directors for the exhibition) G\u00fcnther W. Havranek (Chairman) Karl Javurek (Chief Marketing Officer) Jennifer Kickert (Deputy Chairwoman), Spokeswoman Association Ariel Muzicant (Deputy Chairman) Elie Rosen (Board of Religious Affairs) Andrea Schellner (Treasurer) Susanne Schober-Bendixen (Secretary) Scientific advisory [&hellip;]\" \/>\n<meta property=\"og:url\" content=\"https:\/\/jued-friedhof18.at\/en\/members\/\" \/>\n<meta property=\"og:site_name\" content=\"J\u00fcdischer Friedhof W\u00e4hring\" \/>\n<meta property=\"article:publisher\" content=\"https:\/\/www.facebook.com\/friedhof18.wien\/\" \/>\n<meta property=\"article:modified_time\" content=\"2025-11-24T14:44:34+00:00\" \/>\n<meta property=\"og:image\" content=\"https:\/\/jued-friedhof18.at\/wp-content\/uploads\/2019\/10\/jf-galerie12.jpg\" \/>\n\t<meta property=\"og:image:width\" content=\"2745\" \/>\n\t<meta property=\"og:image:height\" content=\"1830\" \/>\n\t<meta property=\"og:image:type\" content=\"image\/jpeg\" \/>\n<meta name=\"twitter:card\" content=\"summary_large_image\" \/>\n<meta name=\"twitter:label1\" content=\"Est. reading time\" \/>\n\t<meta name=\"twitter:data1\" content=\"1 minute\" \/>\n<script type=\"application\/ld+json\" class=\"yoast-schema-graph\">{\"@context\":\"https:\/\/schema.org\",\"@graph\":[{\"@type\":\"WebPage\",\"@id\":\"https:\/\/jued-friedhof18.at\/en\/members\/\",\"url\":\"https:\/\/jued-friedhof18.at\/en\/members\/\",\"name\":\"Members - J\u00fcdischer Friedhof W\u00e4hring\",\"isPartOf\":{\"@id\":\"https:\/\/jued-friedhof18.at\/en\/#website\"},\"datePublished\":\"2020-05-04T17:06:58+00:00\",\"dateModified\":\"2025-11-24T14:44:34+00:00\",\"breadcrumb\":{\"@id\":\"https:\/\/jued-friedhof18.at\/en\/members\/#breadcrumb\"},\"inLanguage\":\"en-US\",\"potentialAction\":[{\"@type\":\"ReadAction\",\"target\":[\"https:\/\/jued-friedhof18.at\/en\/members\/\"]}]},{\"@type\":\"BreadcrumbList\",\"@id\":\"https:\/\/jued-friedhof18.at\/en\/members\/#breadcrumb\",\"itemListElement\":[{\"@type\":\"ListItem\",\"position\":1,\"name\":\"Startseite\",\"item\":\"https:\/\/jued-friedhof18.at\/en\/homepage\/\"},{\"@type\":\"ListItem\",\"position\":2,\"name\":\"Members\"}]},{\"@type\":\"WebSite\",\"@id\":\"https:\/\/jued-friedhof18.at\/en\/#website\",\"url\":\"https:\/\/jued-friedhof18.at\/en\/\",\"name\":\"J\u00fcdischer Friedhof W\u00e4hring\",\"description\":\"Verein Rettet den J\u00fcdischen Friedhof W\u00e4hring\",\"publisher\":{\"@id\":\"https:\/\/jued-friedhof18.at\/en\/#organization\"},\"potentialAction\":[{\"@type\":\"SearchAction\",\"target\":{\"@type\":\"EntryPoint\",\"urlTemplate\":\"https:\/\/jued-friedhof18.at\/en\/?s={search_term_string}\"},\"query-input\":{\"@type\":\"PropertyValueSpecification\",\"valueRequired\":true,\"valueName\":\"search_term_string\"}}],\"inLanguage\":\"en-US\"},{\"@type\":\"Organization\",\"@id\":\"https:\/\/jued-friedhof18.at\/en\/#organization\",\"name\":\"J\u00fcdischer Friedhof W\u00e4hring\",\"url\":\"https:\/\/jued-friedhof18.at\/en\/\",\"logo\":{\"@type\":\"ImageObject\",\"inLanguage\":\"en-US\",\"@id\":\"https:\/\/jued-friedhof18.at\/en\/#\/schema\/logo\/image\/\",\"url\":\"https:\/\/jued-friedhof18.at\/wp-content\/uploads\/2019\/10\/jf-galerie18.jpg\",\"contentUrl\":\"https:\/\/jued-friedhof18.at\/wp-content\/uploads\/2019\/10\/jf-galerie18.jpg\",\"width\":2808,\"height\":1872,\"caption\":\"J\u00fcdischer Friedhof W\u00e4hring\"},\"image\":{\"@id\":\"https:\/\/jued-friedhof18.at\/en\/#\/schema\/logo\/image\/\"},\"sameAs\":[\"https:\/\/www.facebook.com\/friedhof18.wien\/\"]}]}<\/script>\n<!-- \/ Yoast SEO plugin. -->","yoast_head_json":{"title":"Members - J\u00fcdischer Friedhof W\u00e4hring","robots":{"index":"index","follow":"follow","max-snippet":"max-snippet:-1","max-image-preview":"max-image-preview:large","max-video-preview":"max-video-preview:-1"},"canonical":"https:\/\/jued-friedhof18.at\/en\/members\/","og_locale":"en_US","og_type":"article","og_title":"Members - J\u00fcdischer Friedhof W\u00e4hring","og_description":"Association Board The honorary board of the association is composed of the following persons: Gerbert Frodl (Board of Directors for the exhibition) G\u00fcnther W. Havranek (Chairman) Karl Javurek (Chief Marketing Officer) Jennifer Kickert (Deputy Chairwoman), Spokeswoman Association Ariel Muzicant (Deputy Chairman) Elie Rosen (Board of Religious Affairs) Andrea Schellner (Treasurer) Susanne Schober-Bendixen (Secretary) Scientific advisory [&hellip;]","og_url":"https:\/\/jued-friedhof18.at\/en\/members\/","og_site_name":"J\u00fcdischer Friedhof W\u00e4hring","article_publisher":"https:\/\/www.facebook.com\/friedhof18.wien\/","article_modified_time":"2025-11-24T14:44:34+00:00","og_image":[{"width":2745,"height":1830,"url":"https:\/\/jued-friedhof18.at\/wp-content\/uploads\/2019\/10\/jf-galerie12.jpg","type":"image\/jpeg"}],"twitter_card":"summary_large_image","twitter_misc":{"Est. reading time":"1 minute"},"schema":{"@context":"https:\/\/schema.org","@graph":[{"@type":"WebPage","@id":"https:\/\/jued-friedhof18.at\/en\/members\/","url":"https:\/\/jued-friedhof18.at\/en\/members\/","name":"Members - J\u00fcdischer Friedhof W\u00e4hring","isPartOf":{"@id":"https:\/\/jued-friedhof18.at\/en\/#website"},"datePublished":"2020-05-04T17:06:58+00:00","dateModified":"2025-11-24T14:44:34+00:00","breadcrumb":{"@id":"https:\/\/jued-friedhof18.at\/en\/members\/#breadcrumb"},"inLanguage":"en-US","potentialAction":[{"@type":"ReadAction","target":["https:\/\/jued-friedhof18.at\/en\/members\/"]}]},{"@type":"BreadcrumbList","@id":"https:\/\/jued-friedhof18.at\/en\/members\/#breadcrumb","itemListElement":[{"@type":"ListItem","position":1,"name":"Startseite","item":"https:\/\/jued-friedhof18.at\/en\/homepage\/"},{"@type":"ListItem","position":2,"name":"Members"}]},{"@type":"WebSite","@id":"https:\/\/jued-friedhof18.at\/en\/#website","url":"https:\/\/jued-friedhof18.at\/en\/","name":"J\u00fcdischer Friedhof W\u00e4hring","description":"Verein Rettet den J\u00fcdischen Friedhof W\u00e4hring","publisher":{"@id":"https:\/\/jued-friedhof18.at\/en\/#organization"},"potentialAction":[{"@type":"SearchAction","target":{"@type":"EntryPoint","urlTemplate":"https:\/\/jued-friedhof18.at\/en\/?s={search_term_string}"},"query-input":{"@type":"PropertyValueSpecification","valueRequired":true,"valueName":"search_term_string"}}],"inLanguage":"en-US"},{"@type":"Organization","@id":"https:\/\/jued-friedhof18.at\/en\/#organization","name":"J\u00fcdischer Friedhof W\u00e4hring","url":"https:\/\/jued-friedhof18.at\/en\/","logo":{"@type":"ImageObject","inLanguage":"en-US","@id":"https:\/\/jued-friedhof18.at\/en\/#\/schema\/logo\/image\/","url":"https:\/\/jued-friedhof18.at\/wp-content\/uploads\/2019\/10\/jf-galerie18.jpg","contentUrl":"https:\/\/jued-friedhof18.at\/wp-content\/uploads\/2019\/10\/jf-galerie18.jpg","width":2808,"height":1872,"caption":"J\u00fcdischer Friedhof W\u00e4hring"},"image":{"@id":"https:\/\/jued-friedhof18.at\/en\/#\/schema\/logo\/image\/"},"sameAs":["https:\/\/www.facebook.com\/friedhof18.wien\/"]}]}},"_links":{"self":[{"href":"https:\/\/jued-friedhof18.at\/en\/wp-json\/wp\/v2\/pages\/1614","targetHints":{"allow":["GET"]}}],"collection":[{"href":"https:\/\/jued-friedhof18.at\/en\/wp-json\/wp\/v2\/pages"}],"about":[{"href":"https:\/\/jued-friedhof18.at\/en\/wp-json\/wp\/v2\/types\/page"}],"author":[{"embeddable":true,"href":"https:\/\/jued-friedhof18.at\/en\/wp-json\/wp\/v2\/users\/6"}],"replies":[{"embeddable":true,"href":"https:\/\/jued-friedhof18.at\/en\/wp-json\/wp\/v2\/comments?post=1614"}],"version-history":[{"count":14,"href":"https:\/\/jued-friedhof18.at\/en\/wp-json\/wp\/v2\/pages\/1614\/revisions"}],"predecessor-version":[{"id":4563,"href":"https:\/\/jued-friedhof18.at\/en\/wp-json\/wp\/v2\/pages\/1614\/revisions\/4563"}],"wp:attachment":[{"href":"https:\/\/jued-friedhof18.at\/en\/wp-json\/wp\/v2\/media?parent=1614"}],"curies":[{"name":"wp","href":"https:\/\/api.w.org\/{rel}","templated":true}]}}