{"id":1640,"date":"2020-05-04T19:29:42","date_gmt":"2020-05-04T17:29:42","guid":{"rendered":"https:\/\/jued-friedhof18.at\/?page_id=1640"},"modified":"2023-04-05T14:10:56","modified_gmt":"2023-04-05T12:10:56","slug":"news","status":"publish","type":"page","link":"https:\/\/jued-friedhof18.at\/en\/news\/","title":{"rendered":"News"},"content":{"rendered":"\t\t<div data-elementor-type=\"wp-post\" data-elementor-id=\"1640\" class=\"elementor elementor-1640 elementor-758\">\n\t\t\t\t\t\t<section class=\"elementor-section elementor-top-section elementor-element elementor-element-4fa47750 elementor-section-content-middle elementor-section-full_width elementor-section-height-default elementor-section-height-default\" data-id=\"4fa47750\" data-element_type=\"section\" data-e-type=\"section\" data-settings=\"{&quot;background_background&quot;:&quot;classic&quot;}\">\n\t\t\t\t\t\t<div class=\"elementor-container elementor-column-gap-default\">\n\t\t\t\t\t<div class=\"elementor-column elementor-col-100 elementor-top-column elementor-element elementor-element-23a4290a\" data-id=\"23a4290a\" data-element_type=\"column\" data-e-type=\"column\">\n\t\t\t<div class=\"elementor-widget-wrap elementor-element-populated\">\n\t\t\t\t\t\t<div class=\"elementor-element elementor-element-351227f elementor-widget elementor-widget-heading\" data-id=\"351227f\" data-element_type=\"widget\" data-e-type=\"widget\" data-widget_type=\"heading.default\">\n\t\t\t\t<div class=\"elementor-widget-container\">\n\t\t\t\t\t<h2 class=\"elementor-heading-title elementor-size-default\">A new showroom<\/h2>\t\t\t\t<\/div>\n\t\t\t\t<\/div>\n\t\t\t\t\t<\/div>\n\t\t<\/div>\n\t\t\t\t\t<\/div>\n\t\t<\/section>\n\t\t\t\t<section class=\"elementor-section elementor-top-section elementor-element elementor-element-6172c7bc elementor-section-content-top elementor-section-boxed elementor-section-height-default elementor-section-height-default\" data-id=\"6172c7bc\" data-element_type=\"section\" data-e-type=\"section\">\n\t\t\t\t\t\t<div class=\"elementor-container elementor-column-gap-no\">\n\t\t\t\t\t<div class=\"elementor-column elementor-col-100 elementor-top-column elementor-element elementor-element-1b2a79d9\" data-id=\"1b2a79d9\" data-element_type=\"column\" data-e-type=\"column\">\n\t\t\t<div class=\"elementor-widget-wrap elementor-element-populated\">\n\t\t\t\t\t\t<div class=\"elementor-element elementor-element-9ca6759 elementor-widget elementor-widget-text-editor\" data-id=\"9ca6759\" data-element_type=\"widget\" data-e-type=\"widget\" data-widget_type=\"text-editor.default\">\n\t\t\t\t<div class=\"elementor-widget-container\">\n\t\t\t\t\t\t\t\t\t<p>The <span style=\"color: #000000; font-size: 1rem;\">association now offers <\/span>a small exhibition in <span style=\"color: #000000; font-size: 1rem;\">addition to access to the cemetery grounds on its opening days (the dates <\/span>can be found <span style=\"color: #000000; font-size: 1rem;\"> <span style=\"text-decoration: underline;\"><a href=\"https:\/\/jued-friedhof18.at\/en\/tours-2\/\">here<\/a><\/span>) <\/span>.<\/p>\n<div class=\"page\" title=\"Page 1\">\n<div class=\"layoutArea\">\n<div class=\"column\">\n<p>In the room where the ritual cleansing of the corpse (Hebrew: Tahara) and the ceremonies of farewell took place, the new permanent exhibition offers a historical, religious, cultural and also emotional approach to the cemetery. Objects from the cemetery grounds and artistically designed panels, some with newly discovered images and documents, convey the multiple expansions, its desecration and neglect, and its rescue from decay. The cemetery is a mirror of its community and a Viennese cultural site: a jewel of the Biedermeier period, but with an independent Jewish character, a place of remembrance for important personalities, but also the final resting place of almost 30,000 &#8220;little people&#8221;.<\/p>\n<div class=\"page\" title=\"Page 8\">\n<div class=\"layoutArea\">\n<div class=\"column\">\n<p><strong>Concept, curation and texts:<\/strong> Martha Keil\/Institute for Jewish History of Austria (Injoest)<br \/><strong>Architecture:<\/strong> KENH Architekten ZT Gmbh<br \/><strong>Graphic design:<\/strong> Atelier Renate Stockreiter<\/p>\n<p><strong>For the support we would like to thank:<\/strong> Stadt Wien Kultur, Ariel Muzicant, Susanne Schober-Bendixen<\/p>\n<p>Lighting design: Gunther Ferencsin-Junick<br \/>Lithography: Manfred Kostal\/pixelstorm<br \/>Production: museom service gmbh, Glatzl Objektbeschriftung, Schilderwerkstatt Michael Waismayer<\/p>\n<p>English translation: Tim Corbett<br \/>Editing: Sabine H\u00f6dl\/Injoest<\/p>\n<p><b style=\"font-size: 1rem;\"><br \/>\n  <span style=\"color: #000000;\"><u>Address cemetery<\/u>: <\/span><br \/>\n<\/b><span style=\"color: #000000; font-size: 1rem;\">Schrottenbachgasse 3, 1190 Vienna<\/span><\/p>\n<\/p>\n<\/div>\n<\/div>\n<\/div>\n<\/div>\n<\/div>\n<\/div>\n<p><b style=\"font-size: 1rem;\"><br \/>\n  <span style=\"color: #000000;\">The next<\/span><br \/>\n<\/b><b style=\"font-size: 1rem;\"><br \/>\n  <span style=\"color: #000000;\">The next guided tours and the online registration form can be found <span style=\"text-decoration: underline;\"><a href=\"https:\/\/jued-friedhof18.at\/en\/tours-2\/\">here<\/a><\/span><\/span><br \/>\n<\/b><\/p>\n<p><span style=\"color: #000000;\">Guided tours always take place at 11:00 and 13:00.<\/span><\/p>\n<p><span style=\"color: #000000;\">Men are requested to wear headgear.  <br \/>The tour lasts about 90 minutes.<br \/><\/span><\/p>\n<p><span style=\"color: #000000;\"><b><u>Important Notice<\/u>:  <\/b><\/span><span style=\"color: #000000;\">Before the start of the tour, you must sign a liability statement. You can find details <span style=\"text-decoration: underline;\"><br \/>\n  <a href=\"https:\/\/jued-friedhof18.at\/en\/tours-2\/\">here<\/a><br \/>\n<\/span><\/span><\/p>\n\t\t\t\t\t\t\t\t<\/div>\n\t\t\t\t<\/div>\n\t\t\t\t\t<\/div>\n\t\t<\/div>\n\t\t\t\t\t<\/div>\n\t\t<\/section>\n\t\t\t\t<\/div>\n\t\t","protected":false},"excerpt":{"rendered":"<p>A new showroom The association now offers a small exhibition in addition to access to the cemetery grounds on its opening days (the dates can be found here) . In the room where the ritual cleansing of the corpse (Hebrew: Tahara) and the ceremonies of farewell took place, the new permanent exhibition offers a historical, [&hellip;]<\/p>\n","protected":false},"author":6,"featured_media":0,"parent":0,"menu_order":0,"comment_status":"closed","ping_status":"closed","template":"elementor_header_footer","meta":{"_acf_changed":false,"_exactmetrics_skip_tracking":false,"_exactmetrics_sitenote_active":false,"_exactmetrics_sitenote_note":"","_exactmetrics_sitenote_category":0,"footnotes":""},"class_list":["post-1640","page","type-page","status-publish","hentry"],"acf":[],"yoast_head":"<!-- This site is optimized with the Yoast SEO plugin v27.2 - https:\/\/yoast.com\/product\/yoast-seo-wordpress\/ -->\n<title>News - J\u00fcdischer Friedhof W\u00e4hring<\/title>\n<meta name=\"robots\" content=\"index, follow, max-snippet:-1, max-image-preview:large, max-video-preview:-1\" \/>\n<link rel=\"canonical\" href=\"https:\/\/jued-friedhof18.at\/en\/news\/\" \/>\n<meta property=\"og:locale\" content=\"en_US\" \/>\n<meta property=\"og:type\" content=\"article\" \/>\n<meta property=\"og:title\" content=\"News - J\u00fcdischer Friedhof W\u00e4hring\" \/>\n<meta property=\"og:description\" content=\"A new showroom The association now offers a small exhibition in addition to access to the cemetery grounds on its opening days (the dates can be found here) . In the room where the ritual cleansing of the corpse (Hebrew: Tahara) and the ceremonies of farewell took place, the new permanent exhibition offers a historical, [&hellip;]\" \/>\n<meta property=\"og:url\" content=\"https:\/\/jued-friedhof18.at\/en\/news\/\" \/>\n<meta property=\"og:site_name\" content=\"J\u00fcdischer Friedhof W\u00e4hring\" \/>\n<meta property=\"article:publisher\" content=\"https:\/\/www.facebook.com\/friedhof18.wien\/\" \/>\n<meta property=\"article:modified_time\" content=\"2023-04-05T12:10:56+00:00\" \/>\n<meta property=\"og:image\" content=\"https:\/\/jued-friedhof18.at\/wp-content\/uploads\/2019\/10\/jf-galerie12.jpg\" \/>\n\t<meta property=\"og:image:width\" content=\"2745\" \/>\n\t<meta property=\"og:image:height\" content=\"1830\" \/>\n\t<meta property=\"og:image:type\" content=\"image\/jpeg\" \/>\n<meta name=\"twitter:card\" content=\"summary_large_image\" \/>\n<meta name=\"twitter:label1\" content=\"Est. reading time\" \/>\n\t<meta name=\"twitter:data1\" content=\"1 minute\" \/>\n<script type=\"application\/ld+json\" class=\"yoast-schema-graph\">{\"@context\":\"https:\/\/schema.org\",\"@graph\":[{\"@type\":\"WebPage\",\"@id\":\"https:\/\/jued-friedhof18.at\/en\/news\/\",\"url\":\"https:\/\/jued-friedhof18.at\/en\/news\/\",\"name\":\"News - J\u00fcdischer Friedhof W\u00e4hring\",\"isPartOf\":{\"@id\":\"https:\/\/jued-friedhof18.at\/en\/#website\"},\"datePublished\":\"2020-05-04T17:29:42+00:00\",\"dateModified\":\"2023-04-05T12:10:56+00:00\",\"breadcrumb\":{\"@id\":\"https:\/\/jued-friedhof18.at\/en\/news\/#breadcrumb\"},\"inLanguage\":\"en-US\",\"potentialAction\":[{\"@type\":\"ReadAction\",\"target\":[\"https:\/\/jued-friedhof18.at\/en\/news\/\"]}]},{\"@type\":\"BreadcrumbList\",\"@id\":\"https:\/\/jued-friedhof18.at\/en\/news\/#breadcrumb\",\"itemListElement\":[{\"@type\":\"ListItem\",\"position\":1,\"name\":\"Startseite\",\"item\":\"https:\/\/jued-friedhof18.at\/en\/homepage\/\"},{\"@type\":\"ListItem\",\"position\":2,\"name\":\"News\"}]},{\"@type\":\"WebSite\",\"@id\":\"https:\/\/jued-friedhof18.at\/en\/#website\",\"url\":\"https:\/\/jued-friedhof18.at\/en\/\",\"name\":\"J\u00fcdischer Friedhof W\u00e4hring\",\"description\":\"Verein Rettet den J\u00fcdischen Friedhof W\u00e4hring\",\"publisher\":{\"@id\":\"https:\/\/jued-friedhof18.at\/en\/#organization\"},\"potentialAction\":[{\"@type\":\"SearchAction\",\"target\":{\"@type\":\"EntryPoint\",\"urlTemplate\":\"https:\/\/jued-friedhof18.at\/en\/?s={search_term_string}\"},\"query-input\":{\"@type\":\"PropertyValueSpecification\",\"valueRequired\":true,\"valueName\":\"search_term_string\"}}],\"inLanguage\":\"en-US\"},{\"@type\":\"Organization\",\"@id\":\"https:\/\/jued-friedhof18.at\/en\/#organization\",\"name\":\"J\u00fcdischer Friedhof W\u00e4hring\",\"url\":\"https:\/\/jued-friedhof18.at\/en\/\",\"logo\":{\"@type\":\"ImageObject\",\"inLanguage\":\"en-US\",\"@id\":\"https:\/\/jued-friedhof18.at\/en\/#\/schema\/logo\/image\/\",\"url\":\"https:\/\/jued-friedhof18.at\/wp-content\/uploads\/2019\/10\/jf-galerie18.jpg\",\"contentUrl\":\"https:\/\/jued-friedhof18.at\/wp-content\/uploads\/2019\/10\/jf-galerie18.jpg\",\"width\":2808,\"height\":1872,\"caption\":\"J\u00fcdischer Friedhof W\u00e4hring\"},\"image\":{\"@id\":\"https:\/\/jued-friedhof18.at\/en\/#\/schema\/logo\/image\/\"},\"sameAs\":[\"https:\/\/www.facebook.com\/friedhof18.wien\/\"]}]}<\/script>\n<!-- \/ Yoast SEO plugin. -->","yoast_head_json":{"title":"News - J\u00fcdischer Friedhof W\u00e4hring","robots":{"index":"index","follow":"follow","max-snippet":"max-snippet:-1","max-image-preview":"max-image-preview:large","max-video-preview":"max-video-preview:-1"},"canonical":"https:\/\/jued-friedhof18.at\/en\/news\/","og_locale":"en_US","og_type":"article","og_title":"News - J\u00fcdischer Friedhof W\u00e4hring","og_description":"A new showroom The association now offers a small exhibition in addition to access to the cemetery grounds on its opening days (the dates can be found here) . In the room where the ritual cleansing of the corpse (Hebrew: Tahara) and the ceremonies of farewell took place, the new permanent exhibition offers a historical, [&hellip;]","og_url":"https:\/\/jued-friedhof18.at\/en\/news\/","og_site_name":"J\u00fcdischer Friedhof W\u00e4hring","article_publisher":"https:\/\/www.facebook.com\/friedhof18.wien\/","article_modified_time":"2023-04-05T12:10:56+00:00","og_image":[{"width":2745,"height":1830,"url":"https:\/\/jued-friedhof18.at\/wp-content\/uploads\/2019\/10\/jf-galerie12.jpg","type":"image\/jpeg"}],"twitter_card":"summary_large_image","twitter_misc":{"Est. reading time":"1 minute"},"schema":{"@context":"https:\/\/schema.org","@graph":[{"@type":"WebPage","@id":"https:\/\/jued-friedhof18.at\/en\/news\/","url":"https:\/\/jued-friedhof18.at\/en\/news\/","name":"News - J\u00fcdischer Friedhof W\u00e4hring","isPartOf":{"@id":"https:\/\/jued-friedhof18.at\/en\/#website"},"datePublished":"2020-05-04T17:29:42+00:00","dateModified":"2023-04-05T12:10:56+00:00","breadcrumb":{"@id":"https:\/\/jued-friedhof18.at\/en\/news\/#breadcrumb"},"inLanguage":"en-US","potentialAction":[{"@type":"ReadAction","target":["https:\/\/jued-friedhof18.at\/en\/news\/"]}]},{"@type":"BreadcrumbList","@id":"https:\/\/jued-friedhof18.at\/en\/news\/#breadcrumb","itemListElement":[{"@type":"ListItem","position":1,"name":"Startseite","item":"https:\/\/jued-friedhof18.at\/en\/homepage\/"},{"@type":"ListItem","position":2,"name":"News"}]},{"@type":"WebSite","@id":"https:\/\/jued-friedhof18.at\/en\/#website","url":"https:\/\/jued-friedhof18.at\/en\/","name":"J\u00fcdischer Friedhof W\u00e4hring","description":"Verein Rettet den J\u00fcdischen Friedhof W\u00e4hring","publisher":{"@id":"https:\/\/jued-friedhof18.at\/en\/#organization"},"potentialAction":[{"@type":"SearchAction","target":{"@type":"EntryPoint","urlTemplate":"https:\/\/jued-friedhof18.at\/en\/?s={search_term_string}"},"query-input":{"@type":"PropertyValueSpecification","valueRequired":true,"valueName":"search_term_string"}}],"inLanguage":"en-US"},{"@type":"Organization","@id":"https:\/\/jued-friedhof18.at\/en\/#organization","name":"J\u00fcdischer Friedhof W\u00e4hring","url":"https:\/\/jued-friedhof18.at\/en\/","logo":{"@type":"ImageObject","inLanguage":"en-US","@id":"https:\/\/jued-friedhof18.at\/en\/#\/schema\/logo\/image\/","url":"https:\/\/jued-friedhof18.at\/wp-content\/uploads\/2019\/10\/jf-galerie18.jpg","contentUrl":"https:\/\/jued-friedhof18.at\/wp-content\/uploads\/2019\/10\/jf-galerie18.jpg","width":2808,"height":1872,"caption":"J\u00fcdischer Friedhof W\u00e4hring"},"image":{"@id":"https:\/\/jued-friedhof18.at\/en\/#\/schema\/logo\/image\/"},"sameAs":["https:\/\/www.facebook.com\/friedhof18.wien\/"]}]}},"_links":{"self":[{"href":"https:\/\/jued-friedhof18.at\/en\/wp-json\/wp\/v2\/pages\/1640","targetHints":{"allow":["GET"]}}],"collection":[{"href":"https:\/\/jued-friedhof18.at\/en\/wp-json\/wp\/v2\/pages"}],"about":[{"href":"https:\/\/jued-friedhof18.at\/en\/wp-json\/wp\/v2\/types\/page"}],"author":[{"embeddable":true,"href":"https:\/\/jued-friedhof18.at\/en\/wp-json\/wp\/v2\/users\/6"}],"replies":[{"embeddable":true,"href":"https:\/\/jued-friedhof18.at\/en\/wp-json\/wp\/v2\/comments?post=1640"}],"version-history":[{"count":18,"href":"https:\/\/jued-friedhof18.at\/en\/wp-json\/wp\/v2\/pages\/1640\/revisions"}],"predecessor-version":[{"id":3501,"href":"https:\/\/jued-friedhof18.at\/en\/wp-json\/wp\/v2\/pages\/1640\/revisions\/3501"}],"wp:attachment":[{"href":"https:\/\/jued-friedhof18.at\/en\/wp-json\/wp\/v2\/media?parent=1640"}],"curies":[{"name":"wp","href":"https:\/\/api.w.org\/{rel}","templated":true}]}}