{"id":1659,"date":"2020-05-04T20:02:40","date_gmt":"2020-05-04T18:02:40","guid":{"rendered":"https:\/\/jued-friedhof18.at\/?page_id=1659"},"modified":"2025-11-24T15:28:25","modified_gmt":"2025-11-24T14:28:25","slug":"arrival","status":"publish","type":"page","link":"https:\/\/jued-friedhof18.at\/en\/arrival\/","title":{"rendered":"Approach"},"content":{"rendered":"\t\t<div data-elementor-type=\"wp-post\" data-elementor-id=\"1659\" class=\"elementor elementor-1659 elementor-902\">\n\t\t\t\t\t\t<section class=\"elementor-section elementor-top-section elementor-element elementor-element-78724b88 elementor-section-full_width elementor-section-height-default elementor-section-height-default\" data-id=\"78724b88\" data-element_type=\"section\" data-e-type=\"section\" data-settings=\"{&quot;background_background&quot;:&quot;classic&quot;}\">\n\t\t\t\t\t\t<div class=\"elementor-container elementor-column-gap-default\">\n\t\t\t\t\t<div class=\"elementor-column elementor-col-100 elementor-top-column elementor-element elementor-element-65602fff\" data-id=\"65602fff\" data-element_type=\"column\" data-e-type=\"column\">\n\t\t\t<div class=\"elementor-widget-wrap elementor-element-populated\">\n\t\t\t\t\t\t<div class=\"elementor-element elementor-element-2fed3190 elementor-widget elementor-widget-heading\" data-id=\"2fed3190\" data-element_type=\"widget\" data-e-type=\"widget\" data-widget_type=\"heading.default\">\n\t\t\t\t<div class=\"elementor-widget-container\">\n\t\t\t\t\t<h2 class=\"elementor-heading-title elementor-size-default\">Approach<\/h2>\t\t\t\t<\/div>\n\t\t\t\t<\/div>\n\t\t\t\t\t<\/div>\n\t\t<\/div>\n\t\t\t\t\t<\/div>\n\t\t<\/section>\n\t\t\t\t<section class=\"elementor-section elementor-top-section elementor-element elementor-element-1ebd6767 elementor-section-content-middle elementor-section-boxed elementor-section-height-default elementor-section-height-default\" data-id=\"1ebd6767\" data-element_type=\"section\" data-e-type=\"section\" data-settings=\"{&quot;background_background&quot;:&quot;classic&quot;}\">\n\t\t\t\t\t\t<div class=\"elementor-container elementor-column-gap-no\">\n\t\t\t\t\t<div class=\"elementor-column elementor-col-50 elementor-top-column elementor-element elementor-element-768356a6\" data-id=\"768356a6\" data-element_type=\"column\" data-e-type=\"column\" data-settings=\"{&quot;background_background&quot;:&quot;classic&quot;}\">\n\t\t\t<div class=\"elementor-widget-wrap elementor-element-populated\">\n\t\t\t\t\t<div class=\"elementor-background-overlay\"><\/div>\n\t\t\t\t\t\t<div class=\"elementor-element elementor-element-375bd9d1 elementor-widget elementor-widget-text-editor\" data-id=\"375bd9d1\" data-element_type=\"widget\" data-e-type=\"widget\" data-widget_type=\"text-editor.default\">\n\t\t\t\t<div class=\"elementor-widget-container\">\n\t\t\t\t\t\t\t\t\t<p><span style=\"text-decoration: underline;\"><strong>Public transportation:  <\/strong><\/span><br><br>Can be reached by U6, streetcar lines 37 and 38, or bus lines 35A and 37A, Nu\u00dfdorfer Stra\u00dfe station. Opposite the U6 station, heading out of town, you come directly into Schrottenbachgasse, via the steps on the left-hand side to the staircase in the direction of W\u00e4hringer Park.   <\/p><p>Barrier-free access only via Semperstra\u00dfe.<\/p><p><span style=\"text-decoration: underline;\"><strong>PASSENGER CAR:<\/strong><\/span><br><br>Via Semperstra\u00dfe. Schrottenbachgasse is a dead end with no possibility of turning back. <\/p>\t\t\t\t\t\t\t\t<\/div>\n\t\t\t\t<\/div>\n\t\t\t\t\t<\/div>\n\t\t<\/div>\n\t\t\t\t<div class=\"elementor-column elementor-col-50 elementor-top-column elementor-element elementor-element-28098ae\" data-id=\"28098ae\" data-element_type=\"column\" data-e-type=\"column\">\n\t\t\t<div class=\"elementor-widget-wrap elementor-element-populated\">\n\t\t\t\t\t\t<div class=\"elementor-element elementor-element-0f4d7ce elementor-widget elementor-widget-html\" data-id=\"0f4d7ce\" data-element_type=\"widget\" data-e-type=\"widget\" data-widget_type=\"html.default\">\n\t\t\t\t<div class=\"elementor-widget-container\">\n\t\t\t\t\t<div><script defer type=\"text\/javascript\" src=\"https:\/\/www.wien.gv.at\/flaechenwidmung\/public\/ApiGetViennaGisMap.ctrl?containerWidth=490&amp;containerHeight=300&amp;centerContainer=1&amp;lang=de&amp;bookmark=3Y5WRrhtVUaD5tdDDE9fQ23-cqLdkHDHv-cJJ56iGVkLhXR66L3bHJDdd7Ag-b-b&amp;bmadr=44546041\"><\/script><\/div>\t\t\t\t<\/div>\n\t\t\t\t<\/div>\n\t\t\t\t\t<\/div>\n\t\t<\/div>\n\t\t\t\t\t<\/div>\n\t\t<\/section>\n\t\t\t\t<\/div>\n\t\t","protected":false},"excerpt":{"rendered":"<p>Approach Public transportation: Can be reached by U6, streetcar lines 37 and 38, or bus lines 35A and 37A, Nu\u00dfdorfer Stra\u00dfe station. Opposite the U6 station, heading out of town, you come directly into Schrottenbachgasse, via the steps on the left-hand side to the staircase in the direction of W\u00e4hringer Park. Barrier-free access only via [&hellip;]<\/p>\n","protected":false},"author":6,"featured_media":0,"parent":0,"menu_order":0,"comment_status":"closed","ping_status":"closed","template":"elementor_header_footer","meta":{"_acf_changed":false,"_exactmetrics_skip_tracking":false,"_exactmetrics_sitenote_active":false,"_exactmetrics_sitenote_note":"","_exactmetrics_sitenote_category":0,"footnotes":""},"class_list":["post-1659","page","type-page","status-publish","hentry"],"acf":[],"yoast_head":"<!-- This site is optimized with the Yoast SEO plugin v27.4 - https:\/\/yoast.com\/product\/yoast-seo-wordpress\/ -->\n<title>Approach - J\u00fcdischer Friedhof W\u00e4hring<\/title>\n<meta name=\"robots\" content=\"index, follow, max-snippet:-1, max-image-preview:large, max-video-preview:-1\" \/>\n<link rel=\"canonical\" href=\"https:\/\/jued-friedhof18.at\/en\/arrival\/\" \/>\n<meta property=\"og:locale\" content=\"en_US\" \/>\n<meta property=\"og:type\" content=\"article\" \/>\n<meta property=\"og:title\" content=\"Approach - J\u00fcdischer Friedhof W\u00e4hring\" \/>\n<meta property=\"og:description\" content=\"Approach Public transportation: Can be reached by U6, streetcar lines 37 and 38, or bus lines 35A and 37A, Nu\u00dfdorfer Stra\u00dfe station. Opposite the U6 station, heading out of town, you come directly into Schrottenbachgasse, via the steps on the left-hand side to the staircase in the direction of W\u00e4hringer Park. Barrier-free access only via [&hellip;]\" \/>\n<meta property=\"og:url\" content=\"https:\/\/jued-friedhof18.at\/en\/arrival\/\" \/>\n<meta property=\"og:site_name\" content=\"J\u00fcdischer Friedhof W\u00e4hring\" \/>\n<meta property=\"article:publisher\" content=\"https:\/\/www.facebook.com\/friedhof18.wien\/\" \/>\n<meta property=\"article:modified_time\" content=\"2025-11-24T14:28:25+00:00\" \/>\n<meta property=\"og:image\" content=\"https:\/\/jued-friedhof18.at\/wp-content\/uploads\/2019\/10\/jf-galerie12.jpg\" \/>\n\t<meta property=\"og:image:width\" content=\"2745\" \/>\n\t<meta property=\"og:image:height\" content=\"1830\" \/>\n\t<meta property=\"og:image:type\" content=\"image\/jpeg\" \/>\n<meta name=\"twitter:card\" content=\"summary_large_image\" \/>\n<script type=\"application\/ld+json\" class=\"yoast-schema-graph\">{\"@context\":\"https:\\\/\\\/schema.org\",\"@graph\":[{\"@type\":\"WebPage\",\"@id\":\"https:\\\/\\\/jued-friedhof18.at\\\/en\\\/arrival\\\/\",\"url\":\"https:\\\/\\\/jued-friedhof18.at\\\/en\\\/arrival\\\/\",\"name\":\"Approach - J\u00fcdischer Friedhof W\u00e4hring\",\"isPartOf\":{\"@id\":\"https:\\\/\\\/jued-friedhof18.at\\\/en\\\/#website\"},\"datePublished\":\"2020-05-04T18:02:40+00:00\",\"dateModified\":\"2025-11-24T14:28:25+00:00\",\"breadcrumb\":{\"@id\":\"https:\\\/\\\/jued-friedhof18.at\\\/en\\\/arrival\\\/#breadcrumb\"},\"inLanguage\":\"en-US\",\"potentialAction\":[{\"@type\":\"ReadAction\",\"target\":[\"https:\\\/\\\/jued-friedhof18.at\\\/en\\\/arrival\\\/\"]}]},{\"@type\":\"BreadcrumbList\",\"@id\":\"https:\\\/\\\/jued-friedhof18.at\\\/en\\\/arrival\\\/#breadcrumb\",\"itemListElement\":[{\"@type\":\"ListItem\",\"position\":1,\"name\":\"Startseite\",\"item\":\"https:\\\/\\\/jued-friedhof18.at\\\/en\\\/homepage\\\/\"},{\"@type\":\"ListItem\",\"position\":2,\"name\":\"Approach\"}]},{\"@type\":\"WebSite\",\"@id\":\"https:\\\/\\\/jued-friedhof18.at\\\/en\\\/#website\",\"url\":\"https:\\\/\\\/jued-friedhof18.at\\\/en\\\/\",\"name\":\"J\u00fcdischer Friedhof W\u00e4hring\",\"description\":\"Verein Rettet den J\u00fcdischen Friedhof W\u00e4hring\",\"publisher\":{\"@id\":\"https:\\\/\\\/jued-friedhof18.at\\\/en\\\/#organization\"},\"potentialAction\":[{\"@type\":\"SearchAction\",\"target\":{\"@type\":\"EntryPoint\",\"urlTemplate\":\"https:\\\/\\\/jued-friedhof18.at\\\/en\\\/?s={search_term_string}\"},\"query-input\":{\"@type\":\"PropertyValueSpecification\",\"valueRequired\":true,\"valueName\":\"search_term_string\"}}],\"inLanguage\":\"en-US\"},{\"@type\":\"Organization\",\"@id\":\"https:\\\/\\\/jued-friedhof18.at\\\/en\\\/#organization\",\"name\":\"J\u00fcdischer Friedhof W\u00e4hring\",\"url\":\"https:\\\/\\\/jued-friedhof18.at\\\/en\\\/\",\"logo\":{\"@type\":\"ImageObject\",\"inLanguage\":\"en-US\",\"@id\":\"https:\\\/\\\/jued-friedhof18.at\\\/en\\\/#\\\/schema\\\/logo\\\/image\\\/\",\"url\":\"https:\\\/\\\/jued-friedhof18.at\\\/wp-content\\\/uploads\\\/2019\\\/10\\\/jf-galerie18.jpg\",\"contentUrl\":\"https:\\\/\\\/jued-friedhof18.at\\\/wp-content\\\/uploads\\\/2019\\\/10\\\/jf-galerie18.jpg\",\"width\":2808,\"height\":1872,\"caption\":\"J\u00fcdischer Friedhof W\u00e4hring\"},\"image\":{\"@id\":\"https:\\\/\\\/jued-friedhof18.at\\\/en\\\/#\\\/schema\\\/logo\\\/image\\\/\"},\"sameAs\":[\"https:\\\/\\\/www.facebook.com\\\/friedhof18.wien\\\/\"]}]}<\/script>\n<!-- \/ Yoast SEO plugin. -->","yoast_head_json":{"title":"Approach - J\u00fcdischer Friedhof W\u00e4hring","robots":{"index":"index","follow":"follow","max-snippet":"max-snippet:-1","max-image-preview":"max-image-preview:large","max-video-preview":"max-video-preview:-1"},"canonical":"https:\/\/jued-friedhof18.at\/en\/arrival\/","og_locale":"en_US","og_type":"article","og_title":"Approach - J\u00fcdischer Friedhof W\u00e4hring","og_description":"Approach Public transportation: Can be reached by U6, streetcar lines 37 and 38, or bus lines 35A and 37A, Nu\u00dfdorfer Stra\u00dfe station. Opposite the U6 station, heading out of town, you come directly into Schrottenbachgasse, via the steps on the left-hand side to the staircase in the direction of W\u00e4hringer Park. Barrier-free access only via [&hellip;]","og_url":"https:\/\/jued-friedhof18.at\/en\/arrival\/","og_site_name":"J\u00fcdischer Friedhof W\u00e4hring","article_publisher":"https:\/\/www.facebook.com\/friedhof18.wien\/","article_modified_time":"2025-11-24T14:28:25+00:00","og_image":[{"width":2745,"height":1830,"url":"https:\/\/jued-friedhof18.at\/wp-content\/uploads\/2019\/10\/jf-galerie12.jpg","type":"image\/jpeg"}],"twitter_card":"summary_large_image","schema":{"@context":"https:\/\/schema.org","@graph":[{"@type":"WebPage","@id":"https:\/\/jued-friedhof18.at\/en\/arrival\/","url":"https:\/\/jued-friedhof18.at\/en\/arrival\/","name":"Approach - J\u00fcdischer Friedhof W\u00e4hring","isPartOf":{"@id":"https:\/\/jued-friedhof18.at\/en\/#website"},"datePublished":"2020-05-04T18:02:40+00:00","dateModified":"2025-11-24T14:28:25+00:00","breadcrumb":{"@id":"https:\/\/jued-friedhof18.at\/en\/arrival\/#breadcrumb"},"inLanguage":"en-US","potentialAction":[{"@type":"ReadAction","target":["https:\/\/jued-friedhof18.at\/en\/arrival\/"]}]},{"@type":"BreadcrumbList","@id":"https:\/\/jued-friedhof18.at\/en\/arrival\/#breadcrumb","itemListElement":[{"@type":"ListItem","position":1,"name":"Startseite","item":"https:\/\/jued-friedhof18.at\/en\/homepage\/"},{"@type":"ListItem","position":2,"name":"Approach"}]},{"@type":"WebSite","@id":"https:\/\/jued-friedhof18.at\/en\/#website","url":"https:\/\/jued-friedhof18.at\/en\/","name":"J\u00fcdischer Friedhof W\u00e4hring","description":"Verein Rettet den J\u00fcdischen Friedhof W\u00e4hring","publisher":{"@id":"https:\/\/jued-friedhof18.at\/en\/#organization"},"potentialAction":[{"@type":"SearchAction","target":{"@type":"EntryPoint","urlTemplate":"https:\/\/jued-friedhof18.at\/en\/?s={search_term_string}"},"query-input":{"@type":"PropertyValueSpecification","valueRequired":true,"valueName":"search_term_string"}}],"inLanguage":"en-US"},{"@type":"Organization","@id":"https:\/\/jued-friedhof18.at\/en\/#organization","name":"J\u00fcdischer Friedhof W\u00e4hring","url":"https:\/\/jued-friedhof18.at\/en\/","logo":{"@type":"ImageObject","inLanguage":"en-US","@id":"https:\/\/jued-friedhof18.at\/en\/#\/schema\/logo\/image\/","url":"https:\/\/jued-friedhof18.at\/wp-content\/uploads\/2019\/10\/jf-galerie18.jpg","contentUrl":"https:\/\/jued-friedhof18.at\/wp-content\/uploads\/2019\/10\/jf-galerie18.jpg","width":2808,"height":1872,"caption":"J\u00fcdischer Friedhof W\u00e4hring"},"image":{"@id":"https:\/\/jued-friedhof18.at\/en\/#\/schema\/logo\/image\/"},"sameAs":["https:\/\/www.facebook.com\/friedhof18.wien\/"]}]}},"_links":{"self":[{"href":"https:\/\/jued-friedhof18.at\/en\/wp-json\/wp\/v2\/pages\/1659","targetHints":{"allow":["GET"]}}],"collection":[{"href":"https:\/\/jued-friedhof18.at\/en\/wp-json\/wp\/v2\/pages"}],"about":[{"href":"https:\/\/jued-friedhof18.at\/en\/wp-json\/wp\/v2\/types\/page"}],"author":[{"embeddable":true,"href":"https:\/\/jued-friedhof18.at\/en\/wp-json\/wp\/v2\/users\/6"}],"replies":[{"embeddable":true,"href":"https:\/\/jued-friedhof18.at\/en\/wp-json\/wp\/v2\/comments?post=1659"}],"version-history":[{"count":5,"href":"https:\/\/jued-friedhof18.at\/en\/wp-json\/wp\/v2\/pages\/1659\/revisions"}],"predecessor-version":[{"id":4532,"href":"https:\/\/jued-friedhof18.at\/en\/wp-json\/wp\/v2\/pages\/1659\/revisions\/4532"}],"wp:attachment":[{"href":"https:\/\/jued-friedhof18.at\/en\/wp-json\/wp\/v2\/media?parent=1659"}],"curies":[{"name":"wp","href":"https:\/\/api.w.org\/{rel}","templated":true}]}}