{"id":1669,"date":"2019-09-02T18:52:02","date_gmt":"2019-09-02T16:52:02","guid":{"rendered":"https:\/\/jued-friedhof18.at\/?page_id=1669"},"modified":"2026-01-07T22:19:57","modified_gmt":"2026-01-07T21:19:57","slug":"links","status":"publish","type":"page","link":"https:\/\/jued-friedhof18.at\/en\/links\/","title":{"rendered":"Links"},"content":{"rendered":"\t\t<div data-elementor-type=\"wp-post\" data-elementor-id=\"1669\" class=\"elementor elementor-1669 elementor-924\">\n\t\t\t\t<div class=\"elementor-element elementor-element-ce02528 e-flex e-con-boxed e-con e-parent\" data-id=\"ce02528\" data-element_type=\"container\" data-e-type=\"container\">\n\t\t\t\t\t<div class=\"e-con-inner\">\n\t\t<div class=\"elementor-element elementor-element-fe77c0e e-con-full e-flex e-con e-child\" data-id=\"fe77c0e\" data-element_type=\"container\" data-e-type=\"container\">\n\t\t\t\t<div class=\"elementor-element elementor-element-3838821 elementor-widget elementor-widget-spacer\" data-id=\"3838821\" data-element_type=\"widget\" data-e-type=\"widget\" data-widget_type=\"spacer.default\">\n\t\t\t\t<div class=\"elementor-widget-container\">\n\t\t\t\t\t\t\t<div class=\"elementor-spacer\">\n\t\t\t<div class=\"elementor-spacer-inner\"><\/div>\n\t\t<\/div>\n\t\t\t\t\t\t<\/div>\n\t\t\t\t<\/div>\n\t\t\t\t<div class=\"elementor-element elementor-element-1b5715b elementor-widget elementor-widget-heading\" data-id=\"1b5715b\" data-element_type=\"widget\" data-e-type=\"widget\" data-widget_type=\"heading.default\">\n\t\t\t\t<div class=\"elementor-widget-container\">\n\t\t\t\t\t<h2 class=\"elementor-heading-title elementor-size-default\">Links<\/h2>\t\t\t\t<\/div>\n\t\t\t\t<\/div>\n\t\t\t\t<div class=\"elementor-element elementor-element-0ec21e5 elementor-widget elementor-widget-text-editor\" data-id=\"0ec21e5\" data-element_type=\"widget\" data-e-type=\"widget\" data-widget_type=\"text-editor.default\">\n\t\t\t\t<div class=\"elementor-widget-container\">\n\t\t\t\t\t\t\t\t\t<p>Interessante Informationen zu j\u00fcdischen Friedh\u00f6fen in \u00d6sterreich sind auch den nachfolgenden Links zu entnehmen.<\/p><ul><li><span style=\"text-decoration: underline;\"><a href=\"https:\/\/www.nationalfonds.org\/washingtoner-abkommen.html\" target=\"_blank\" rel=\"noopener\">\u00d6sterreichischer Nationalfonds<\/a><\/span><\/li><li><span style=\"text-decoration: underline;\"><a href=\"https:\/\/www.friedhofsfonds.org\/startseite\" target=\"_blank\" rel=\"noopener\">Fonds zur Instandsetzung der j\u00fcdischen Friedh\u00f6fe \u00d6sterreichs<\/a><\/span><\/li><li><span style=\"text-decoration: underline;\"><a href=\"https:\/\/www.facebook.com\/friedhof18.wien\/\" target=\"_blank\" rel=\"noopener\">Facebook<\/a><\/span><\/li><li><span style=\"text-decoration: underline;\"><a href=\"https:\/\/www.ikg-wien.at\" target=\"_blank\" rel=\"noopener\">IKG Wien<\/a><\/span><\/li><li><span style=\"text-decoration: underline;\"><a href=\"https:\/\/www.ojm.at\/blog\/juedischer-friedhof-waehring\/\" target=\"_blank\" rel=\"noopener\">Informationen zum W\u00e4hringer Friedhof von Johannes Reiss, Leiter des \u00d6sterreichischen J\u00fcdischen Museums in Eisenstadt<\/a><\/span><\/li><li><span style=\"text-decoration: underline;\"><a href=\"https:\/\/tvthek.orf.at\/history\/Medienarchiv-Judentum\/6932895\" target=\"_blank\" rel=\"noopener\">ORF Medienarchiv Judentum<\/a><\/span><\/li><li><span style=\"text-decoration: underline;\"><a href=\"https:\/\/www.jmw.at\/\" target=\"_blank\" rel=\"noopener\">J\u00fcdisches Museum Wien<\/a><\/span><\/li><li><span style=\"text-decoration: underline;\"><a href=\"\/ein-glanz-von-wiener-ringstrasse\/\">Dokumentation:<\/a> Ein Glanz von Wiener Ringstra\u00dfe<\/span><\/li><\/ul>\t\t\t\t\t\t\t\t<\/div>\n\t\t\t\t<\/div>\n\t\t\t\t<\/div>\n\t\t\t\t\t<\/div>\n\t\t\t\t<\/div>\n\t\t\t\t<\/div>\n\t\t","protected":false},"excerpt":{"rendered":"<p>Links Interessante Informationen zu j\u00fcdischen Friedh\u00f6fen in \u00d6sterreich sind auch den nachfolgenden Links zu entnehmen. \u00d6sterreichischer Nationalfonds Fonds zur Instandsetzung der j\u00fcdischen Friedh\u00f6fe \u00d6sterreichs Facebook IKG Wien Informationen zum W\u00e4hringer Friedhof von Johannes Reiss, Leiter des \u00d6sterreichischen J\u00fcdischen Museums in Eisenstadt ORF Medienarchiv Judentum J\u00fcdisches Museum Wien Dokumentation: Ein Glanz von Wiener Ringstra\u00dfe<\/p>\n","protected":false},"author":6,"featured_media":0,"parent":0,"menu_order":0,"comment_status":"closed","ping_status":"closed","template":"elementor_header_footer","meta":{"_acf_changed":false,"_exactmetrics_skip_tracking":false,"_exactmetrics_sitenote_active":false,"_exactmetrics_sitenote_note":"","_exactmetrics_sitenote_category":0,"footnotes":""},"class_list":["post-1669","page","type-page","status-publish","hentry"],"acf":[],"yoast_head":"<!-- This site is optimized with the Yoast SEO plugin v27.2 - https:\/\/yoast.com\/product\/yoast-seo-wordpress\/ -->\n<title>Links - J\u00fcdischer Friedhof W\u00e4hring<\/title>\n<meta name=\"robots\" content=\"index, follow, max-snippet:-1, max-image-preview:large, max-video-preview:-1\" \/>\n<link rel=\"canonical\" href=\"https:\/\/jued-friedhof18.at\/en\/links\/\" \/>\n<meta property=\"og:locale\" content=\"en_US\" \/>\n<meta property=\"og:type\" content=\"article\" \/>\n<meta property=\"og:title\" content=\"Links - J\u00fcdischer Friedhof W\u00e4hring\" \/>\n<meta property=\"og:description\" content=\"Links Interessante Informationen zu j\u00fcdischen Friedh\u00f6fen in \u00d6sterreich sind auch den nachfolgenden Links zu entnehmen. \u00d6sterreichischer Nationalfonds Fonds zur Instandsetzung der j\u00fcdischen Friedh\u00f6fe \u00d6sterreichs Facebook IKG Wien Informationen zum W\u00e4hringer Friedhof von Johannes Reiss, Leiter des \u00d6sterreichischen J\u00fcdischen Museums in Eisenstadt ORF Medienarchiv Judentum J\u00fcdisches Museum Wien Dokumentation: Ein Glanz von Wiener Ringstra\u00dfe\" \/>\n<meta property=\"og:url\" content=\"https:\/\/jued-friedhof18.at\/en\/links\/\" \/>\n<meta property=\"og:site_name\" content=\"J\u00fcdischer Friedhof W\u00e4hring\" \/>\n<meta property=\"article:publisher\" content=\"https:\/\/www.facebook.com\/friedhof18.wien\/\" \/>\n<meta property=\"article:modified_time\" content=\"2026-01-07T21:19:57+00:00\" \/>\n<meta property=\"og:image\" content=\"https:\/\/jued-friedhof18.at\/wp-content\/uploads\/2019\/10\/jf-galerie12.jpg\" \/>\n\t<meta property=\"og:image:width\" content=\"2745\" \/>\n\t<meta property=\"og:image:height\" content=\"1830\" \/>\n\t<meta property=\"og:image:type\" content=\"image\/jpeg\" \/>\n<meta name=\"twitter:card\" content=\"summary_large_image\" \/>\n<meta name=\"twitter:label1\" content=\"Est. reading time\" \/>\n\t<meta name=\"twitter:data1\" content=\"1 minute\" \/>\n<script type=\"application\/ld+json\" class=\"yoast-schema-graph\">{\"@context\":\"https:\/\/schema.org\",\"@graph\":[{\"@type\":\"WebPage\",\"@id\":\"https:\/\/jued-friedhof18.at\/en\/links\/\",\"url\":\"https:\/\/jued-friedhof18.at\/en\/links\/\",\"name\":\"Links - J\u00fcdischer Friedhof W\u00e4hring\",\"isPartOf\":{\"@id\":\"https:\/\/jued-friedhof18.at\/en\/#website\"},\"datePublished\":\"2019-09-02T16:52:02+00:00\",\"dateModified\":\"2026-01-07T21:19:57+00:00\",\"breadcrumb\":{\"@id\":\"https:\/\/jued-friedhof18.at\/en\/links\/#breadcrumb\"},\"inLanguage\":\"en-US\",\"potentialAction\":[{\"@type\":\"ReadAction\",\"target\":[\"https:\/\/jued-friedhof18.at\/en\/links\/\"]}]},{\"@type\":\"BreadcrumbList\",\"@id\":\"https:\/\/jued-friedhof18.at\/en\/links\/#breadcrumb\",\"itemListElement\":[{\"@type\":\"ListItem\",\"position\":1,\"name\":\"Startseite\",\"item\":\"https:\/\/jued-friedhof18.at\/en\/homepage\/\"},{\"@type\":\"ListItem\",\"position\":2,\"name\":\"Links\"}]},{\"@type\":\"WebSite\",\"@id\":\"https:\/\/jued-friedhof18.at\/en\/#website\",\"url\":\"https:\/\/jued-friedhof18.at\/en\/\",\"name\":\"J\u00fcdischer Friedhof W\u00e4hring\",\"description\":\"Verein Rettet den J\u00fcdischen Friedhof W\u00e4hring\",\"publisher\":{\"@id\":\"https:\/\/jued-friedhof18.at\/en\/#organization\"},\"potentialAction\":[{\"@type\":\"SearchAction\",\"target\":{\"@type\":\"EntryPoint\",\"urlTemplate\":\"https:\/\/jued-friedhof18.at\/en\/?s={search_term_string}\"},\"query-input\":{\"@type\":\"PropertyValueSpecification\",\"valueRequired\":true,\"valueName\":\"search_term_string\"}}],\"inLanguage\":\"en-US\"},{\"@type\":\"Organization\",\"@id\":\"https:\/\/jued-friedhof18.at\/en\/#organization\",\"name\":\"J\u00fcdischer Friedhof W\u00e4hring\",\"url\":\"https:\/\/jued-friedhof18.at\/en\/\",\"logo\":{\"@type\":\"ImageObject\",\"inLanguage\":\"en-US\",\"@id\":\"https:\/\/jued-friedhof18.at\/en\/#\/schema\/logo\/image\/\",\"url\":\"https:\/\/jued-friedhof18.at\/wp-content\/uploads\/2019\/10\/jf-galerie18.jpg\",\"contentUrl\":\"https:\/\/jued-friedhof18.at\/wp-content\/uploads\/2019\/10\/jf-galerie18.jpg\",\"width\":2808,\"height\":1872,\"caption\":\"J\u00fcdischer Friedhof W\u00e4hring\"},\"image\":{\"@id\":\"https:\/\/jued-friedhof18.at\/en\/#\/schema\/logo\/image\/\"},\"sameAs\":[\"https:\/\/www.facebook.com\/friedhof18.wien\/\"]}]}<\/script>\n<!-- \/ Yoast SEO plugin. -->","yoast_head_json":{"title":"Links - J\u00fcdischer Friedhof W\u00e4hring","robots":{"index":"index","follow":"follow","max-snippet":"max-snippet:-1","max-image-preview":"max-image-preview:large","max-video-preview":"max-video-preview:-1"},"canonical":"https:\/\/jued-friedhof18.at\/en\/links\/","og_locale":"en_US","og_type":"article","og_title":"Links - J\u00fcdischer Friedhof W\u00e4hring","og_description":"Links Interessante Informationen zu j\u00fcdischen Friedh\u00f6fen in \u00d6sterreich sind auch den nachfolgenden Links zu entnehmen. \u00d6sterreichischer Nationalfonds Fonds zur Instandsetzung der j\u00fcdischen Friedh\u00f6fe \u00d6sterreichs Facebook IKG Wien Informationen zum W\u00e4hringer Friedhof von Johannes Reiss, Leiter des \u00d6sterreichischen J\u00fcdischen Museums in Eisenstadt ORF Medienarchiv Judentum J\u00fcdisches Museum Wien Dokumentation: Ein Glanz von Wiener Ringstra\u00dfe","og_url":"https:\/\/jued-friedhof18.at\/en\/links\/","og_site_name":"J\u00fcdischer Friedhof W\u00e4hring","article_publisher":"https:\/\/www.facebook.com\/friedhof18.wien\/","article_modified_time":"2026-01-07T21:19:57+00:00","og_image":[{"width":2745,"height":1830,"url":"https:\/\/jued-friedhof18.at\/wp-content\/uploads\/2019\/10\/jf-galerie12.jpg","type":"image\/jpeg"}],"twitter_card":"summary_large_image","twitter_misc":{"Est. reading time":"1 minute"},"schema":{"@context":"https:\/\/schema.org","@graph":[{"@type":"WebPage","@id":"https:\/\/jued-friedhof18.at\/en\/links\/","url":"https:\/\/jued-friedhof18.at\/en\/links\/","name":"Links - J\u00fcdischer Friedhof W\u00e4hring","isPartOf":{"@id":"https:\/\/jued-friedhof18.at\/en\/#website"},"datePublished":"2019-09-02T16:52:02+00:00","dateModified":"2026-01-07T21:19:57+00:00","breadcrumb":{"@id":"https:\/\/jued-friedhof18.at\/en\/links\/#breadcrumb"},"inLanguage":"en-US","potentialAction":[{"@type":"ReadAction","target":["https:\/\/jued-friedhof18.at\/en\/links\/"]}]},{"@type":"BreadcrumbList","@id":"https:\/\/jued-friedhof18.at\/en\/links\/#breadcrumb","itemListElement":[{"@type":"ListItem","position":1,"name":"Startseite","item":"https:\/\/jued-friedhof18.at\/en\/homepage\/"},{"@type":"ListItem","position":2,"name":"Links"}]},{"@type":"WebSite","@id":"https:\/\/jued-friedhof18.at\/en\/#website","url":"https:\/\/jued-friedhof18.at\/en\/","name":"J\u00fcdischer Friedhof W\u00e4hring","description":"Verein Rettet den J\u00fcdischen Friedhof W\u00e4hring","publisher":{"@id":"https:\/\/jued-friedhof18.at\/en\/#organization"},"potentialAction":[{"@type":"SearchAction","target":{"@type":"EntryPoint","urlTemplate":"https:\/\/jued-friedhof18.at\/en\/?s={search_term_string}"},"query-input":{"@type":"PropertyValueSpecification","valueRequired":true,"valueName":"search_term_string"}}],"inLanguage":"en-US"},{"@type":"Organization","@id":"https:\/\/jued-friedhof18.at\/en\/#organization","name":"J\u00fcdischer Friedhof W\u00e4hring","url":"https:\/\/jued-friedhof18.at\/en\/","logo":{"@type":"ImageObject","inLanguage":"en-US","@id":"https:\/\/jued-friedhof18.at\/en\/#\/schema\/logo\/image\/","url":"https:\/\/jued-friedhof18.at\/wp-content\/uploads\/2019\/10\/jf-galerie18.jpg","contentUrl":"https:\/\/jued-friedhof18.at\/wp-content\/uploads\/2019\/10\/jf-galerie18.jpg","width":2808,"height":1872,"caption":"J\u00fcdischer Friedhof W\u00e4hring"},"image":{"@id":"https:\/\/jued-friedhof18.at\/en\/#\/schema\/logo\/image\/"},"sameAs":["https:\/\/www.facebook.com\/friedhof18.wien\/"]}]}},"_links":{"self":[{"href":"https:\/\/jued-friedhof18.at\/en\/wp-json\/wp\/v2\/pages\/1669","targetHints":{"allow":["GET"]}}],"collection":[{"href":"https:\/\/jued-friedhof18.at\/en\/wp-json\/wp\/v2\/pages"}],"about":[{"href":"https:\/\/jued-friedhof18.at\/en\/wp-json\/wp\/v2\/types\/page"}],"author":[{"embeddable":true,"href":"https:\/\/jued-friedhof18.at\/en\/wp-json\/wp\/v2\/users\/6"}],"replies":[{"embeddable":true,"href":"https:\/\/jued-friedhof18.at\/en\/wp-json\/wp\/v2\/comments?post=1669"}],"version-history":[{"count":5,"href":"https:\/\/jued-friedhof18.at\/en\/wp-json\/wp\/v2\/pages\/1669\/revisions"}],"predecessor-version":[{"id":4889,"href":"https:\/\/jued-friedhof18.at\/en\/wp-json\/wp\/v2\/pages\/1669\/revisions\/4889"}],"wp:attachment":[{"href":"https:\/\/jued-friedhof18.at\/en\/wp-json\/wp\/v2\/media?parent=1669"}],"curies":[{"name":"wp","href":"https:\/\/api.w.org\/{rel}","templated":true}]}}