{"id":1673,"date":"2020-05-04T20:34:15","date_gmt":"2020-05-04T18:34:15","guid":{"rendered":"https:\/\/jued-friedhof18.at\/?page_id=1673"},"modified":"2026-01-07T12:42:51","modified_gmt":"2026-01-07T11:42:51","slug":"status-of-renovation-work","status":"publish","type":"page","link":"https:\/\/jued-friedhof18.at\/en\/status-of-renovation-work\/","title":{"rendered":"Status of renovation work"},"content":{"rendered":"\t\t<div data-elementor-type=\"wp-page\" data-elementor-id=\"1673\" class=\"elementor elementor-1673 elementor-1152\">\n\t\t\t\t\t\t<section class=\"elementor-section elementor-top-section elementor-element elementor-element-390b851d elementor-section-boxed elementor-section-height-default elementor-section-height-default\" data-id=\"390b851d\" data-element_type=\"section\" data-e-type=\"section\">\n\t\t\t\t\t\t<div class=\"elementor-container elementor-column-gap-default\">\n\t\t\t\t\t<div class=\"elementor-column elementor-col-100 elementor-top-column elementor-element elementor-element-173b652e\" data-id=\"173b652e\" data-element_type=\"column\" data-e-type=\"column\">\n\t\t\t<div class=\"elementor-widget-wrap elementor-element-populated\">\n\t\t\t\t\t\t<div class=\"elementor-element elementor-element-5d08f58 elementor-widget elementor-widget-spacer\" data-id=\"5d08f58\" data-element_type=\"widget\" data-e-type=\"widget\" data-widget_type=\"spacer.default\">\n\t\t\t\t<div class=\"elementor-widget-container\">\n\t\t\t\t\t\t\t<div class=\"elementor-spacer\">\n\t\t\t<div class=\"elementor-spacer-inner\"><\/div>\n\t\t<\/div>\n\t\t\t\t\t\t<\/div>\n\t\t\t\t<\/div>\n\t\t\t\t<div class=\"elementor-element elementor-element-fcc82a6 elementor-widget elementor-widget-heading\" data-id=\"fcc82a6\" data-element_type=\"widget\" data-e-type=\"widget\" data-widget_type=\"heading.default\">\n\t\t\t\t<div class=\"elementor-widget-container\">\n\t\t\t\t\t<h2 class=\"elementor-heading-title elementor-size-default\">Current status of the renovation work<\/h2>\t\t\t\t<\/div>\n\t\t\t\t<\/div>\n\t\t\t\t<div class=\"elementor-element elementor-element-6e52488 elementor-widget elementor-widget-text-editor\" data-id=\"6e52488\" data-element_type=\"widget\" data-e-type=\"widget\" data-widget_type=\"text-editor.default\">\n\t\t\t\t<div class=\"elementor-widget-container\">\n\t\t\t\t\t\t\t\t\t<p>The renovation work, which began in 2019, reached a milestone at the end of 2025: the entire area to the left of the &#8220;Hauptallee&#8221; with approx. 6,400 m2 and approx. 2,500 gravestones has been completed (colored green in the graphic).  <\/p><p class=\"p1\">In 2019, archaeological excavations were carried out in two sub-areas (TF2 + TF3), which provided valuable information about the original terrain levels.  <\/p>\t\t\t\t\t\t\t\t<\/div>\n\t\t\t\t<\/div>\n\t\t\t\t<div class=\"elementor-element elementor-element-0c65873 elementor-widget elementor-widget-image\" data-id=\"0c65873\" data-element_type=\"widget\" data-e-type=\"widget\" data-widget_type=\"image.default\">\n\t\t\t\t<div class=\"elementor-widget-container\">\n\t\t\t\t\t\t\t\t\t\t\t\t<figure class=\"wp-caption\">\n\t\t\t\t\t\t\t\t\t\t<img decoding=\"async\" src=\"https:\/\/jued-friedhof18.at\/wp-content\/uploads\/2026\/01\/2025-12-05-JFW_Lage_Bearbeitungsstand-Ende-2025_A4.pdf\" title=\"\" alt=\"\" loading=\"lazy\" \/>\t\t\t\t\t\t\t\t\t\t\t<figcaption class=\"widget-image-caption wp-caption-text\"><\/figcaption>\n\t\t\t\t\t\t\t\t\t\t<\/figure>\n\t\t\t\t\t\t\t\t\t<\/div>\n\t\t\t\t<\/div>\n\t\t\t\t<div class=\"elementor-element elementor-element-f30f4c9 elementor-widget elementor-widget-text-editor\" data-id=\"f30f4c9\" data-element_type=\"widget\" data-e-type=\"widget\" data-widget_type=\"text-editor.default\">\n\t\t\t\t<div class=\"elementor-widget-container\">\n\t\t\t\t\t\t\t\t\t<p class=\"p1\">Renovation steps:<br>After clearing the last areas of overgrown vegetation at the end of 2019, a virtual image of the entire cemetery was captured using a 3D laser scan. Based on this, site plans are created, which are compared with nature in several passes. Inscriptions are compared with the occupancy lists and stone assignments, numbering and a classification system are developed.  <\/p><p class=\"p1\">Starting from the Tahara House, partial areas were then systematically renovated one by one (see diagram).<\/p><p class=\"p1\">When renovating individual gravestones, the stones are first cleaned and limestone or sand-lime bricks are consolidated. Then cracks and fissures are professionally sealed and missing areas are filled. Finally, the individual elements of the gravestones are pinned together and erected in a stable position.  <\/p><p class=\"p1\">In addition, all work steps are documented photographically and in writing, assigned to the respective gravestone.  <\/p><p>The renovation concepts can also be downloaded here as PDF files for documentation purposes:<\/p><ul><li><span style=\"text-decoration: underline;\"><a href=\"\/wp-content\/uploads\/2026\/01\/2025-2028-Teilflaechen-13-18-Sanierungskonzept.pdf\" target=\"_blank\" rel=\"noopener\">Redevelopment concept 2025 &#8211; 2028 Sub-areas 13 &#8211; 18<\/a><\/span><\/li><li><span style=\"text-decoration: underline;\"><a href=\"\/wp-content\/uploads\/2026\/01\/2024_Teilflaeche-12-Sanierungskonzept.pdf\" target=\"_blank\" rel=\"noopener\">Redevelopment concept 2024 sub-area 12<\/a><\/span><\/li><li><span style=\"text-decoration: underline;\"><a href=\"\/wp-content\/uploads\/2022\/04\/2022_2023_Teilflaeche-910-Sanierungskonzept.pdf\" target=\"_blank\" rel=\"noopener\">Redevelopment concept 2022\/23 sub-area 9 &#8211; 10<\/a><\/span><\/li><li><span style=\"text-decoration: underline;\"><a href=\"\/wp-content\/uploads\/2022\/04\/2021_Teilflaeche-11-Sanierungskonzept.pdf\" target=\"_blank\" rel=\"noopener\">Remediation concept 2021 Subarea 11<\/a><\/span><\/li><li><span style=\"text-decoration: underline;\"><a href=\"\/wp-content\/uploads\/2022\/04\/2021_Teilflaeche-06-08-Sanierungskonzept.pdf\" target=\"_blank\" rel=\"noopener\">Remediation concept 2021 Subarea 6 &#8211; 8<\/a><\/span><\/li><li><span style=\"text-decoration: underline;\"><a href=\"\/wp-content\/uploads\/2022\/04\/2020_Teilflaeche-5-Sanierungskonzept.pdf\" target=\"_blank\" rel=\"noopener\">2020 redevelopment concept subarea 5<\/a><\/span><\/li><li><span style=\"text-decoration: underline;\"><a href=\"\/wp-content\/uploads\/2022\/04\/2020_Teilflaeche-3-Sanierungsabschluss.pdf\" target=\"_blank\" rel=\"noopener\">Maintenance status 2011 &#8211; 2020 Sub-area 3<\/a><\/span><\/li><li><span style=\"text-decoration: underline;\"><a style=\"font-size: 1rem;\" href=\"\/wp-content\/uploads\/2022\/04\/2019_Projektbeschreibung-Bestandserhaltung-Friedhof.pdf\" target=\"_blank\" rel=\"noopener\">2019 Project description for cemetery conservation<\/a><\/span><\/li><\/ul>\t\t\t\t\t\t\t\t<\/div>\n\t\t\t\t<\/div>\n\t\t\t\t\t<\/div>\n\t\t<\/div>\n\t\t\t\t\t<\/div>\n\t\t<\/section>\n\t\t\t\t<\/div>\n\t\t","protected":false},"excerpt":{"rendered":"<p>Current status of the renovation work The renovation work, which began in 2019, reached a milestone at the end of 2025: the entire area to the left of the &#8220;Hauptallee&#8221; with approx. 6,400 m2 and approx. 2,500 gravestones has been completed (colored green in the graphic). In 2019, archaeological excavations were carried out in two [&hellip;]<\/p>\n","protected":false},"author":6,"featured_media":0,"parent":0,"menu_order":0,"comment_status":"closed","ping_status":"closed","template":"elementor_header_footer","meta":{"_acf_changed":false,"_exactmetrics_skip_tracking":false,"_exactmetrics_sitenote_active":false,"_exactmetrics_sitenote_note":"","_exactmetrics_sitenote_category":0,"footnotes":""},"class_list":["post-1673","page","type-page","status-publish","hentry"],"acf":[],"yoast_head":"<!-- This site is optimized with the Yoast SEO plugin v27.4 - https:\/\/yoast.com\/product\/yoast-seo-wordpress\/ -->\n<title>Status of renovation work - J\u00fcdischer Friedhof W\u00e4hring<\/title>\n<meta name=\"robots\" content=\"index, follow, max-snippet:-1, max-image-preview:large, max-video-preview:-1\" \/>\n<link rel=\"canonical\" href=\"https:\/\/jued-friedhof18.at\/en\/status-of-renovation-work\/\" \/>\n<meta property=\"og:locale\" content=\"en_US\" \/>\n<meta property=\"og:type\" content=\"article\" \/>\n<meta property=\"og:title\" content=\"Status of renovation work - J\u00fcdischer Friedhof W\u00e4hring\" \/>\n<meta property=\"og:description\" content=\"Current status of the renovation work The renovation work, which began in 2019, reached a milestone at the end of 2025: the entire area to the left of the &#8220;Hauptallee&#8221; with approx. 6,400 m2 and approx. 2,500 gravestones has been completed (colored green in the graphic). In 2019, archaeological excavations were carried out in two [&hellip;]\" \/>\n<meta property=\"og:url\" content=\"https:\/\/jued-friedhof18.at\/en\/status-of-renovation-work\/\" \/>\n<meta property=\"og:site_name\" content=\"J\u00fcdischer Friedhof W\u00e4hring\" \/>\n<meta property=\"article:publisher\" content=\"https:\/\/www.facebook.com\/friedhof18.wien\/\" \/>\n<meta property=\"article:modified_time\" content=\"2026-01-07T11:42:51+00:00\" \/>\n<meta property=\"og:image\" content=\"https:\/\/jued-friedhof18.at\/wp-content\/uploads\/2026\/01\/2025-12-05-JFW_Lage_Bearbeitungsstand-Ende-2025_A4.pdf\" \/>\n<meta name=\"twitter:card\" content=\"summary_large_image\" \/>\n<meta name=\"twitter:label1\" content=\"Est. reading time\" \/>\n\t<meta name=\"twitter:data1\" content=\"1 minute\" \/>\n<script type=\"application\/ld+json\" class=\"yoast-schema-graph\">{\"@context\":\"https:\\\/\\\/schema.org\",\"@graph\":[{\"@type\":\"WebPage\",\"@id\":\"https:\\\/\\\/jued-friedhof18.at\\\/en\\\/status-of-renovation-work\\\/\",\"url\":\"https:\\\/\\\/jued-friedhof18.at\\\/en\\\/status-of-renovation-work\\\/\",\"name\":\"Status of renovation work - J\u00fcdischer Friedhof W\u00e4hring\",\"isPartOf\":{\"@id\":\"https:\\\/\\\/jued-friedhof18.at\\\/en\\\/#website\"},\"primaryImageOfPage\":{\"@id\":\"https:\\\/\\\/jued-friedhof18.at\\\/en\\\/status-of-renovation-work\\\/#primaryimage\"},\"image\":{\"@id\":\"https:\\\/\\\/jued-friedhof18.at\\\/en\\\/status-of-renovation-work\\\/#primaryimage\"},\"thumbnailUrl\":\"https:\\\/\\\/jued-friedhof18.at\\\/wp-content\\\/uploads\\\/2026\\\/01\\\/2025-12-05-JFW_Lage_Bearbeitungsstand-Ende-2025_A4.pdf\",\"datePublished\":\"2020-05-04T18:34:15+00:00\",\"dateModified\":\"2026-01-07T11:42:51+00:00\",\"breadcrumb\":{\"@id\":\"https:\\\/\\\/jued-friedhof18.at\\\/en\\\/status-of-renovation-work\\\/#breadcrumb\"},\"inLanguage\":\"en-US\",\"potentialAction\":[{\"@type\":\"ReadAction\",\"target\":[\"https:\\\/\\\/jued-friedhof18.at\\\/en\\\/status-of-renovation-work\\\/\"]}]},{\"@type\":\"ImageObject\",\"inLanguage\":\"en-US\",\"@id\":\"https:\\\/\\\/jued-friedhof18.at\\\/en\\\/status-of-renovation-work\\\/#primaryimage\",\"url\":\"https:\\\/\\\/jued-friedhof18.at\\\/wp-content\\\/uploads\\\/2026\\\/01\\\/2025-12-05-JFW_Lage_Bearbeitungsstand-Ende-2025_A4.pdf\",\"contentUrl\":\"https:\\\/\\\/jued-friedhof18.at\\\/wp-content\\\/uploads\\\/2026\\\/01\\\/2025-12-05-JFW_Lage_Bearbeitungsstand-Ende-2025_A4.pdf\"},{\"@type\":\"BreadcrumbList\",\"@id\":\"https:\\\/\\\/jued-friedhof18.at\\\/en\\\/status-of-renovation-work\\\/#breadcrumb\",\"itemListElement\":[{\"@type\":\"ListItem\",\"position\":1,\"name\":\"Startseite\",\"item\":\"https:\\\/\\\/jued-friedhof18.at\\\/en\\\/homepage\\\/\"},{\"@type\":\"ListItem\",\"position\":2,\"name\":\"Status of renovation work\"}]},{\"@type\":\"WebSite\",\"@id\":\"https:\\\/\\\/jued-friedhof18.at\\\/en\\\/#website\",\"url\":\"https:\\\/\\\/jued-friedhof18.at\\\/en\\\/\",\"name\":\"J\u00fcdischer Friedhof W\u00e4hring\",\"description\":\"Verein Rettet den J\u00fcdischen Friedhof W\u00e4hring\",\"publisher\":{\"@id\":\"https:\\\/\\\/jued-friedhof18.at\\\/en\\\/#organization\"},\"potentialAction\":[{\"@type\":\"SearchAction\",\"target\":{\"@type\":\"EntryPoint\",\"urlTemplate\":\"https:\\\/\\\/jued-friedhof18.at\\\/en\\\/?s={search_term_string}\"},\"query-input\":{\"@type\":\"PropertyValueSpecification\",\"valueRequired\":true,\"valueName\":\"search_term_string\"}}],\"inLanguage\":\"en-US\"},{\"@type\":\"Organization\",\"@id\":\"https:\\\/\\\/jued-friedhof18.at\\\/en\\\/#organization\",\"name\":\"J\u00fcdischer Friedhof W\u00e4hring\",\"url\":\"https:\\\/\\\/jued-friedhof18.at\\\/en\\\/\",\"logo\":{\"@type\":\"ImageObject\",\"inLanguage\":\"en-US\",\"@id\":\"https:\\\/\\\/jued-friedhof18.at\\\/en\\\/#\\\/schema\\\/logo\\\/image\\\/\",\"url\":\"https:\\\/\\\/jued-friedhof18.at\\\/wp-content\\\/uploads\\\/2019\\\/10\\\/jf-galerie18.jpg\",\"contentUrl\":\"https:\\\/\\\/jued-friedhof18.at\\\/wp-content\\\/uploads\\\/2019\\\/10\\\/jf-galerie18.jpg\",\"width\":2808,\"height\":1872,\"caption\":\"J\u00fcdischer Friedhof W\u00e4hring\"},\"image\":{\"@id\":\"https:\\\/\\\/jued-friedhof18.at\\\/en\\\/#\\\/schema\\\/logo\\\/image\\\/\"},\"sameAs\":[\"https:\\\/\\\/www.facebook.com\\\/friedhof18.wien\\\/\"]}]}<\/script>\n<!-- \/ Yoast SEO plugin. -->","yoast_head_json":{"title":"Status of renovation work - J\u00fcdischer Friedhof W\u00e4hring","robots":{"index":"index","follow":"follow","max-snippet":"max-snippet:-1","max-image-preview":"max-image-preview:large","max-video-preview":"max-video-preview:-1"},"canonical":"https:\/\/jued-friedhof18.at\/en\/status-of-renovation-work\/","og_locale":"en_US","og_type":"article","og_title":"Status of renovation work - J\u00fcdischer Friedhof W\u00e4hring","og_description":"Current status of the renovation work The renovation work, which began in 2019, reached a milestone at the end of 2025: the entire area to the left of the &#8220;Hauptallee&#8221; with approx. 6,400 m2 and approx. 2,500 gravestones has been completed (colored green in the graphic). In 2019, archaeological excavations were carried out in two [&hellip;]","og_url":"https:\/\/jued-friedhof18.at\/en\/status-of-renovation-work\/","og_site_name":"J\u00fcdischer Friedhof W\u00e4hring","article_publisher":"https:\/\/www.facebook.com\/friedhof18.wien\/","article_modified_time":"2026-01-07T11:42:51+00:00","og_image":[{"url":"https:\/\/jued-friedhof18.at\/wp-content\/uploads\/2026\/01\/2025-12-05-JFW_Lage_Bearbeitungsstand-Ende-2025_A4.pdf","type":"","width":"","height":""}],"twitter_card":"summary_large_image","twitter_misc":{"Est. reading time":"1 minute"},"schema":{"@context":"https:\/\/schema.org","@graph":[{"@type":"WebPage","@id":"https:\/\/jued-friedhof18.at\/en\/status-of-renovation-work\/","url":"https:\/\/jued-friedhof18.at\/en\/status-of-renovation-work\/","name":"Status of renovation work - J\u00fcdischer Friedhof W\u00e4hring","isPartOf":{"@id":"https:\/\/jued-friedhof18.at\/en\/#website"},"primaryImageOfPage":{"@id":"https:\/\/jued-friedhof18.at\/en\/status-of-renovation-work\/#primaryimage"},"image":{"@id":"https:\/\/jued-friedhof18.at\/en\/status-of-renovation-work\/#primaryimage"},"thumbnailUrl":"https:\/\/jued-friedhof18.at\/wp-content\/uploads\/2026\/01\/2025-12-05-JFW_Lage_Bearbeitungsstand-Ende-2025_A4.pdf","datePublished":"2020-05-04T18:34:15+00:00","dateModified":"2026-01-07T11:42:51+00:00","breadcrumb":{"@id":"https:\/\/jued-friedhof18.at\/en\/status-of-renovation-work\/#breadcrumb"},"inLanguage":"en-US","potentialAction":[{"@type":"ReadAction","target":["https:\/\/jued-friedhof18.at\/en\/status-of-renovation-work\/"]}]},{"@type":"ImageObject","inLanguage":"en-US","@id":"https:\/\/jued-friedhof18.at\/en\/status-of-renovation-work\/#primaryimage","url":"https:\/\/jued-friedhof18.at\/wp-content\/uploads\/2026\/01\/2025-12-05-JFW_Lage_Bearbeitungsstand-Ende-2025_A4.pdf","contentUrl":"https:\/\/jued-friedhof18.at\/wp-content\/uploads\/2026\/01\/2025-12-05-JFW_Lage_Bearbeitungsstand-Ende-2025_A4.pdf"},{"@type":"BreadcrumbList","@id":"https:\/\/jued-friedhof18.at\/en\/status-of-renovation-work\/#breadcrumb","itemListElement":[{"@type":"ListItem","position":1,"name":"Startseite","item":"https:\/\/jued-friedhof18.at\/en\/homepage\/"},{"@type":"ListItem","position":2,"name":"Status of renovation work"}]},{"@type":"WebSite","@id":"https:\/\/jued-friedhof18.at\/en\/#website","url":"https:\/\/jued-friedhof18.at\/en\/","name":"J\u00fcdischer Friedhof W\u00e4hring","description":"Verein Rettet den J\u00fcdischen Friedhof W\u00e4hring","publisher":{"@id":"https:\/\/jued-friedhof18.at\/en\/#organization"},"potentialAction":[{"@type":"SearchAction","target":{"@type":"EntryPoint","urlTemplate":"https:\/\/jued-friedhof18.at\/en\/?s={search_term_string}"},"query-input":{"@type":"PropertyValueSpecification","valueRequired":true,"valueName":"search_term_string"}}],"inLanguage":"en-US"},{"@type":"Organization","@id":"https:\/\/jued-friedhof18.at\/en\/#organization","name":"J\u00fcdischer Friedhof W\u00e4hring","url":"https:\/\/jued-friedhof18.at\/en\/","logo":{"@type":"ImageObject","inLanguage":"en-US","@id":"https:\/\/jued-friedhof18.at\/en\/#\/schema\/logo\/image\/","url":"https:\/\/jued-friedhof18.at\/wp-content\/uploads\/2019\/10\/jf-galerie18.jpg","contentUrl":"https:\/\/jued-friedhof18.at\/wp-content\/uploads\/2019\/10\/jf-galerie18.jpg","width":2808,"height":1872,"caption":"J\u00fcdischer Friedhof W\u00e4hring"},"image":{"@id":"https:\/\/jued-friedhof18.at\/en\/#\/schema\/logo\/image\/"},"sameAs":["https:\/\/www.facebook.com\/friedhof18.wien\/"]}]}},"_links":{"self":[{"href":"https:\/\/jued-friedhof18.at\/en\/wp-json\/wp\/v2\/pages\/1673","targetHints":{"allow":["GET"]}}],"collection":[{"href":"https:\/\/jued-friedhof18.at\/en\/wp-json\/wp\/v2\/pages"}],"about":[{"href":"https:\/\/jued-friedhof18.at\/en\/wp-json\/wp\/v2\/types\/page"}],"author":[{"embeddable":true,"href":"https:\/\/jued-friedhof18.at\/en\/wp-json\/wp\/v2\/users\/6"}],"replies":[{"embeddable":true,"href":"https:\/\/jued-friedhof18.at\/en\/wp-json\/wp\/v2\/comments?post=1673"}],"version-history":[{"count":18,"href":"https:\/\/jued-friedhof18.at\/en\/wp-json\/wp\/v2\/pages\/1673\/revisions"}],"predecessor-version":[{"id":4843,"href":"https:\/\/jued-friedhof18.at\/en\/wp-json\/wp\/v2\/pages\/1673\/revisions\/4843"}],"wp:attachment":[{"href":"https:\/\/jued-friedhof18.at\/en\/wp-json\/wp\/v2\/media?parent=1673"}],"curies":[{"name":"wp","href":"https:\/\/api.w.org\/{rel}","templated":true}]}}