{"id":2995,"date":"2022-11-16T14:43:37","date_gmt":"2022-11-16T13:43:37","guid":{"rendered":"https:\/\/jued-friedhof18.at\/tours-2\/"},"modified":"2026-02-09T12:49:16","modified_gmt":"2026-02-09T11:49:16","slug":"tours-2","status":"publish","type":"page","link":"https:\/\/jued-friedhof18.at\/en\/tours-2\/","title":{"rendered":"Tours"},"content":{"rendered":"\t\t<div data-elementor-type=\"wp-page\" data-elementor-id=\"2995\" class=\"elementor elementor-2995 elementor-2157\">\n\t\t\t\t\t\t<section class=\"elementor-section elementor-top-section elementor-element elementor-element-1b9e8f20 elementor-section-boxed elementor-section-height-default elementor-section-height-default\" data-id=\"1b9e8f20\" data-element_type=\"section\" data-e-type=\"section\">\n\t\t\t\t\t\t<div class=\"elementor-container elementor-column-gap-default\">\n\t\t\t\t\t<div class=\"elementor-column elementor-col-100 elementor-top-column elementor-element elementor-element-172c6c55\" data-id=\"172c6c55\" data-element_type=\"column\" data-e-type=\"column\">\n\t\t\t<div class=\"elementor-widget-wrap elementor-element-populated\">\n\t\t\t\t\t\t<div class=\"elementor-element elementor-element-5c1b4c8e elementor-widget elementor-widget-text-editor\" data-id=\"5c1b4c8e\" data-element_type=\"widget\" data-e-type=\"widget\" data-widget_type=\"text-editor.default\">\n\t\t\t\t<div class=\"elementor-widget-container\">\n\t\t\t\t\t\t\t\t\t<h2 style=\"text-align: center;\"><strong>Opening days and guided tours 2026<\/strong><\/h2><div>The association opens the cemetery grounds on the second Sunday of the month (except on Jewish holidays) from 10.00 am to 4.00 pm. During this time, you can visit the cemetery and the exhibition room with interesting background information free of charge.<br>We also offer two guided tours in German at 11.00 and 13.00 and one in English at 12.00 at a cost of 8 euros. <br>Payment is made in cash on site.<\/div><div> <\/div><div><p style=\"font-weight: 400;\">Registration is essential for the guided tours due to the limited number of participants!<\/p><\/div>\t\t\t\t\t\t\t\t<\/div>\n\t\t\t\t<\/div>\n\t\t\t\t<div class=\"elementor-element elementor-element-40b7738 elementor-widget elementor-widget-button\" data-id=\"40b7738\" data-element_type=\"widget\" data-e-type=\"widget\" data-widget_type=\"button.default\">\n\t\t\t\t<div class=\"elementor-widget-container\">\n\t\t\t\t\t\t\t\t\t<div class=\"elementor-button-wrapper\">\n\t\t\t\t\t<a class=\"elementor-button elementor-button-link elementor-size-md\" href=\"https:\/\/jued-friedhof18.at\/fuehrung-buchen\/\">\n\t\t\t\t\t\t<span class=\"elementor-button-content-wrapper\">\n\t\t\t\t\t\t<span class=\"elementor-button-icon\">\n\t\t\t\t<i aria-hidden=\"true\" class=\"far fa-calendar-check\"><\/i>\t\t\t<\/span>\n\t\t\t\t\t\t\t\t\t<span class=\"elementor-button-text\">Book a guided tour<\/span>\n\t\t\t\t\t<\/span>\n\t\t\t\t\t<\/a>\n\t\t\t\t<\/div>\n\t\t\t\t\t\t\t\t<\/div>\n\t\t\t\t<\/div>\n\t\t\t\t<div class=\"elementor-element elementor-element-19d5c12 elementor-widget elementor-widget-text-editor\" data-id=\"19d5c12\" data-element_type=\"widget\" data-e-type=\"widget\" data-widget_type=\"text-editor.default\">\n\t\t\t\t<div class=\"elementor-widget-container\">\n\t\t\t\t\t\t\t\t\t<p><u>Entrance<\/u><b><u> Exhibition and cemetery:<\/u><\/b> 1190 Vienna, Schrottenbachgasse 3<\/p><div><div dir=\"auto\"><p><b>The opening dates for 2026:<\/b><\/p><\/div><\/div><ul><li><del>January 11, 2026 Barbara Tschirnich  <\/del><\/li><li>February 08 Barbara Tschirnich  <\/li><li>March 08 Andreas Brunner<\/li><li>April 12 Markus Schupp<\/li><li>May 10 Brigitte Kenscha-Mautner<\/li><li>June 14 Veronika Schula<\/li><li>July 12 Marco Schreuder<\/li><li>August 09 <span style=\"font-size: 1rem;\">Andreas Brunner<\/span><\/li><li>September 06 Markus Schupp (13.09. = Rosh Hashanah)<\/li><li>October 11 Brigitte Kenscha-Mautner<\/li><li>November 08 Marco Schreuder<\/li><li>December 13 Veronika Schula<\/li><\/ul><p>We look forward to taking part in the Day of Monuments and the Long Night of Museums again in 2026.<\/p><p>Men are requested to wear a head covering.<br>The tour lasts approx. 90 minutes.<\/p><p><b><u>Important note about the guided tours:<\/u><\/b><\/p><p>Before the start of the tour, you must sign a liability statement. Entering the Jewish cemetery is fraught with danger due to the age of the facility and the structural condition. Especially through<\/p><ul><li>falling branches<\/li><li>damaged tombs (borders)<\/li><li>toppling gravestones<\/li><\/ul><p>is a danger for any visitor.<\/p><p>We would also like to point out that special care is required when entering the area, as there are always holes in the ground and other uneven ground. When walking in the cemetery, please make sure you know what the surface is like. Leaning against gravestones is prohibited. Due to the sources of danger described above, there is a risk of serious injury to visitors. For this reason the cemetery is not open to the public. We therefore ask you to consider these sources of danger before entering the cemetery and to assess whether you can accept this risk. In particular, we draw attention to the fact that children and the elderly are at high risk due to the uneven ground and damaged grave sites. Therefore, when visiting the cemetery with children or disabled persons, there is a special obligation of attention of the accompanying persons.<\/p>\t\t\t\t\t\t\t\t<\/div>\n\t\t\t\t<\/div>\n\t\t\t\t<div class=\"elementor-element elementor-element-7ea4241 elementor-widget elementor-widget-button\" data-id=\"7ea4241\" data-element_type=\"widget\" data-e-type=\"widget\" data-widget_type=\"button.default\">\n\t\t\t\t<div class=\"elementor-widget-container\">\n\t\t\t\t\t\t\t\t\t<div class=\"elementor-button-wrapper\">\n\t\t\t\t\t<a class=\"elementor-button elementor-button-link elementor-size-md\" href=\"https:\/\/jued-friedhof18.at\/fuehrung-buchen\/\">\n\t\t\t\t\t\t<span class=\"elementor-button-content-wrapper\">\n\t\t\t\t\t\t<span class=\"elementor-button-icon\">\n\t\t\t\t<i aria-hidden=\"true\" class=\"far fa-calendar-check\"><\/i>\t\t\t<\/span>\n\t\t\t\t\t\t\t\t\t<span class=\"elementor-button-text\">Book a guided tour<\/span>\n\t\t\t\t\t<\/span>\n\t\t\t\t\t<\/a>\n\t\t\t\t<\/div>\n\t\t\t\t\t\t\t\t<\/div>\n\t\t\t\t<\/div>\n\t\t\t\t\t<\/div>\n\t\t<\/div>\n\t\t\t\t\t<\/div>\n\t\t<\/section>\n\t\t\t\t<\/div>\n\t\t","protected":false},"excerpt":{"rendered":"<p>CONTENTS<\/p>\n","protected":false},"author":6,"featured_media":0,"parent":0,"menu_order":0,"comment_status":"closed","ping_status":"closed","template":"","meta":{"_acf_changed":false,"_exactmetrics_skip_tracking":false,"_exactmetrics_sitenote_active":false,"_exactmetrics_sitenote_note":"","_exactmetrics_sitenote_category":0,"footnotes":""},"class_list":["post-2995","page","type-page","status-publish","hentry"],"acf":[],"yoast_head":"<!-- This site is optimized with the Yoast SEO plugin v27.2 - https:\/\/yoast.com\/product\/yoast-seo-wordpress\/ -->\n<title>Tours - J\u00fcdischer Friedhof W\u00e4hring<\/title>\n<meta name=\"robots\" content=\"index, follow, max-snippet:-1, max-image-preview:large, max-video-preview:-1\" \/>\n<link rel=\"canonical\" href=\"https:\/\/jued-friedhof18.at\/en\/tours-2\/\" \/>\n<meta property=\"og:locale\" content=\"en_US\" \/>\n<meta property=\"og:type\" content=\"article\" \/>\n<meta property=\"og:title\" content=\"Tours - J\u00fcdischer Friedhof W\u00e4hring\" \/>\n<meta property=\"og:description\" content=\"CONTENTS\" \/>\n<meta property=\"og:url\" content=\"https:\/\/jued-friedhof18.at\/en\/tours-2\/\" \/>\n<meta property=\"og:site_name\" content=\"J\u00fcdischer Friedhof W\u00e4hring\" \/>\n<meta property=\"article:publisher\" content=\"https:\/\/www.facebook.com\/friedhof18.wien\/\" \/>\n<meta property=\"article:modified_time\" content=\"2026-02-09T11:49:16+00:00\" \/>\n<meta property=\"og:image\" content=\"https:\/\/jued-friedhof18.at\/wp-content\/uploads\/2019\/10\/jf-galerie12.jpg\" \/>\n\t<meta property=\"og:image:width\" content=\"2745\" \/>\n\t<meta property=\"og:image:height\" content=\"1830\" \/>\n\t<meta property=\"og:image:type\" content=\"image\/jpeg\" \/>\n<meta name=\"twitter:card\" content=\"summary_large_image\" \/>\n<meta name=\"twitter:label1\" content=\"Est. reading time\" \/>\n\t<meta name=\"twitter:data1\" content=\"2 minutes\" \/>\n<script type=\"application\/ld+json\" class=\"yoast-schema-graph\">{\"@context\":\"https:\/\/schema.org\",\"@graph\":[{\"@type\":\"WebPage\",\"@id\":\"https:\/\/jued-friedhof18.at\/en\/tours-2\/\",\"url\":\"https:\/\/jued-friedhof18.at\/en\/tours-2\/\",\"name\":\"Tours - J\u00fcdischer Friedhof W\u00e4hring\",\"isPartOf\":{\"@id\":\"https:\/\/jued-friedhof18.at\/en\/#website\"},\"datePublished\":\"2022-11-16T13:43:37+00:00\",\"dateModified\":\"2026-02-09T11:49:16+00:00\",\"breadcrumb\":{\"@id\":\"https:\/\/jued-friedhof18.at\/en\/tours-2\/#breadcrumb\"},\"inLanguage\":\"en-US\",\"potentialAction\":[{\"@type\":\"ReadAction\",\"target\":[\"https:\/\/jued-friedhof18.at\/en\/tours-2\/\"]}]},{\"@type\":\"BreadcrumbList\",\"@id\":\"https:\/\/jued-friedhof18.at\/en\/tours-2\/#breadcrumb\",\"itemListElement\":[{\"@type\":\"ListItem\",\"position\":1,\"name\":\"Startseite\",\"item\":\"https:\/\/jued-friedhof18.at\/en\/homepage\/\"},{\"@type\":\"ListItem\",\"position\":2,\"name\":\"Tours\"}]},{\"@type\":\"WebSite\",\"@id\":\"https:\/\/jued-friedhof18.at\/en\/#website\",\"url\":\"https:\/\/jued-friedhof18.at\/en\/\",\"name\":\"J\u00fcdischer Friedhof W\u00e4hring\",\"description\":\"Verein Rettet den J\u00fcdischen Friedhof W\u00e4hring\",\"publisher\":{\"@id\":\"https:\/\/jued-friedhof18.at\/en\/#organization\"},\"potentialAction\":[{\"@type\":\"SearchAction\",\"target\":{\"@type\":\"EntryPoint\",\"urlTemplate\":\"https:\/\/jued-friedhof18.at\/en\/?s={search_term_string}\"},\"query-input\":{\"@type\":\"PropertyValueSpecification\",\"valueRequired\":true,\"valueName\":\"search_term_string\"}}],\"inLanguage\":\"en-US\"},{\"@type\":\"Organization\",\"@id\":\"https:\/\/jued-friedhof18.at\/en\/#organization\",\"name\":\"J\u00fcdischer Friedhof W\u00e4hring\",\"url\":\"https:\/\/jued-friedhof18.at\/en\/\",\"logo\":{\"@type\":\"ImageObject\",\"inLanguage\":\"en-US\",\"@id\":\"https:\/\/jued-friedhof18.at\/en\/#\/schema\/logo\/image\/\",\"url\":\"https:\/\/jued-friedhof18.at\/wp-content\/uploads\/2019\/10\/jf-galerie18.jpg\",\"contentUrl\":\"https:\/\/jued-friedhof18.at\/wp-content\/uploads\/2019\/10\/jf-galerie18.jpg\",\"width\":2808,\"height\":1872,\"caption\":\"J\u00fcdischer Friedhof W\u00e4hring\"},\"image\":{\"@id\":\"https:\/\/jued-friedhof18.at\/en\/#\/schema\/logo\/image\/\"},\"sameAs\":[\"https:\/\/www.facebook.com\/friedhof18.wien\/\"]}]}<\/script>\n<!-- \/ Yoast SEO plugin. -->","yoast_head_json":{"title":"Tours - J\u00fcdischer Friedhof W\u00e4hring","robots":{"index":"index","follow":"follow","max-snippet":"max-snippet:-1","max-image-preview":"max-image-preview:large","max-video-preview":"max-video-preview:-1"},"canonical":"https:\/\/jued-friedhof18.at\/en\/tours-2\/","og_locale":"en_US","og_type":"article","og_title":"Tours - J\u00fcdischer Friedhof W\u00e4hring","og_description":"CONTENTS","og_url":"https:\/\/jued-friedhof18.at\/en\/tours-2\/","og_site_name":"J\u00fcdischer Friedhof W\u00e4hring","article_publisher":"https:\/\/www.facebook.com\/friedhof18.wien\/","article_modified_time":"2026-02-09T11:49:16+00:00","og_image":[{"width":2745,"height":1830,"url":"https:\/\/jued-friedhof18.at\/wp-content\/uploads\/2019\/10\/jf-galerie12.jpg","type":"image\/jpeg"}],"twitter_card":"summary_large_image","twitter_misc":{"Est. reading time":"2 minutes"},"schema":{"@context":"https:\/\/schema.org","@graph":[{"@type":"WebPage","@id":"https:\/\/jued-friedhof18.at\/en\/tours-2\/","url":"https:\/\/jued-friedhof18.at\/en\/tours-2\/","name":"Tours - J\u00fcdischer Friedhof W\u00e4hring","isPartOf":{"@id":"https:\/\/jued-friedhof18.at\/en\/#website"},"datePublished":"2022-11-16T13:43:37+00:00","dateModified":"2026-02-09T11:49:16+00:00","breadcrumb":{"@id":"https:\/\/jued-friedhof18.at\/en\/tours-2\/#breadcrumb"},"inLanguage":"en-US","potentialAction":[{"@type":"ReadAction","target":["https:\/\/jued-friedhof18.at\/en\/tours-2\/"]}]},{"@type":"BreadcrumbList","@id":"https:\/\/jued-friedhof18.at\/en\/tours-2\/#breadcrumb","itemListElement":[{"@type":"ListItem","position":1,"name":"Startseite","item":"https:\/\/jued-friedhof18.at\/en\/homepage\/"},{"@type":"ListItem","position":2,"name":"Tours"}]},{"@type":"WebSite","@id":"https:\/\/jued-friedhof18.at\/en\/#website","url":"https:\/\/jued-friedhof18.at\/en\/","name":"J\u00fcdischer Friedhof W\u00e4hring","description":"Verein Rettet den J\u00fcdischen Friedhof W\u00e4hring","publisher":{"@id":"https:\/\/jued-friedhof18.at\/en\/#organization"},"potentialAction":[{"@type":"SearchAction","target":{"@type":"EntryPoint","urlTemplate":"https:\/\/jued-friedhof18.at\/en\/?s={search_term_string}"},"query-input":{"@type":"PropertyValueSpecification","valueRequired":true,"valueName":"search_term_string"}}],"inLanguage":"en-US"},{"@type":"Organization","@id":"https:\/\/jued-friedhof18.at\/en\/#organization","name":"J\u00fcdischer Friedhof W\u00e4hring","url":"https:\/\/jued-friedhof18.at\/en\/","logo":{"@type":"ImageObject","inLanguage":"en-US","@id":"https:\/\/jued-friedhof18.at\/en\/#\/schema\/logo\/image\/","url":"https:\/\/jued-friedhof18.at\/wp-content\/uploads\/2019\/10\/jf-galerie18.jpg","contentUrl":"https:\/\/jued-friedhof18.at\/wp-content\/uploads\/2019\/10\/jf-galerie18.jpg","width":2808,"height":1872,"caption":"J\u00fcdischer Friedhof W\u00e4hring"},"image":{"@id":"https:\/\/jued-friedhof18.at\/en\/#\/schema\/logo\/image\/"},"sameAs":["https:\/\/www.facebook.com\/friedhof18.wien\/"]}]}},"_links":{"self":[{"href":"https:\/\/jued-friedhof18.at\/en\/wp-json\/wp\/v2\/pages\/2995","targetHints":{"allow":["GET"]}}],"collection":[{"href":"https:\/\/jued-friedhof18.at\/en\/wp-json\/wp\/v2\/pages"}],"about":[{"href":"https:\/\/jued-friedhof18.at\/en\/wp-json\/wp\/v2\/types\/page"}],"author":[{"embeddable":true,"href":"https:\/\/jued-friedhof18.at\/en\/wp-json\/wp\/v2\/users\/6"}],"replies":[{"embeddable":true,"href":"https:\/\/jued-friedhof18.at\/en\/wp-json\/wp\/v2\/comments?post=2995"}],"version-history":[{"count":41,"href":"https:\/\/jued-friedhof18.at\/en\/wp-json\/wp\/v2\/pages\/2995\/revisions"}],"predecessor-version":[{"id":4970,"href":"https:\/\/jued-friedhof18.at\/en\/wp-json\/wp\/v2\/pages\/2995\/revisions\/4970"}],"wp:attachment":[{"href":"https:\/\/jued-friedhof18.at\/en\/wp-json\/wp\/v2\/media?parent=2995"}],"curies":[{"name":"wp","href":"https:\/\/api.w.org\/{rel}","templated":true}]}}